{"id":131,"date":"2024-01-23T05:59:07","date_gmt":"2024-01-23T04:59:07","guid":{"rendered":"https:\/\/fluentthemes.com\/wp\/appeasy\/app-demo-one\/?page_id=2"},"modified":"2024-07-16T23:58:06","modified_gmt":"2024-07-16T21:58:06","slug":"about-us","status":"publish","type":"page","link":"https:\/\/letzpaws.com\/de\/about-us\/","title":{"rendered":"\u00dcber uns"},"content":{"rendered":"<div data-elementor-type=\"wp-page\" data-elementor-id=\"131\" class=\"elementor elementor-131\" data-elementor-post-type=\"page\">\n\t\t\t\t<div class=\"elementor-element elementor-element-5105e403 e-flex e-con-boxed e-con e-parent\" data-id=\"5105e403\" data-element_type=\"container\" data-core-v316-plus=\"true\">\n\t\t\t\t\t<div class=\"e-con-inner\">\n\t\t<div class=\"elementor-element elementor-element-7a681eb6 e-con-full e-flex e-con e-child\" data-id=\"7a681eb6\" data-element_type=\"container\">\n\t\t\t\t<div class=\"elementor-element elementor-element-d059ad7 elementor-invisible elementor-widget elementor-widget-heading\" data-id=\"d059ad7\" data-element_type=\"widget\" data-settings=\"{&quot;_animation&quot;:&quot;fadeInUp&quot;}\" data-widget_type=\"heading.default\">\n\t\t\t\t<div class=\"elementor-widget-container\">\n\t\t\t<style>\/*! elementor - v3.20.0 - 11-03-2024 *\/\n.elementor-heading-title{padding:0;margin:0;line-height:1}.elementor-widget-heading .elementor-heading-title[class*=elementor-size-]>a{color:inherit;font-size:inherit;line-height:inherit}.elementor-widget-heading .elementor-heading-title.elementor-size-small{font-size:15px}.elementor-widget-heading .elementor-heading-title.elementor-size-medium{font-size:19px}.elementor-widget-heading .elementor-heading-title.elementor-size-large{font-size:29px}.elementor-widget-heading .elementor-heading-title.elementor-size-xl{font-size:39px}.elementor-widget-heading .elementor-heading-title.elementor-size-xxl{font-size:59px}<\/style><h2 class=\"elementor-heading-title elementor-size-default\">Unser Speicher<span style=\"color: #F6B8A9; -webkit-text-stroke: 1px #0e333d;\">y<\/span><\/h2>\t\t<\/div>\n\t\t\t\t<\/div>\n\t\t\t\t<div class=\"elementor-element elementor-element-4086c9ec elementor-widget elementor-widget-text-editor\" data-id=\"4086c9ec\" data-element_type=\"widget\" data-widget_type=\"text-editor.default\">\n\t\t\t\t<div class=\"elementor-widget-container\">\n\t\t\t<style>\/*! elementor - v3.20.0 - 11-03-2024 *\/\n.elementor-widget-text-editor.elementor-drop-cap-view-stacked .elementor-drop-cap{background-color:#69727d;color:#fff}.elementor-widget-text-editor.elementor-drop-cap-view-framed .elementor-drop-cap{color:#69727d;border:3px solid;background-color:transparent}.elementor-widget-text-editor:not(.elementor-drop-cap-view-default) .elementor-drop-cap{margin-top:8px}.elementor-widget-text-editor:not(.elementor-drop-cap-view-default) .elementor-drop-cap-letter{width:1em;height:1em}.elementor-widget-text-editor .elementor-drop-cap{float:left;text-align:center;line-height:1;font-size:50px}.elementor-widget-text-editor .elementor-drop-cap-letter{display:inline-block}<\/style>\t\t\t\t<p>LetzPaws begann mit einer einfachen Idee - die Pflege von Haustieren einfach und zug\u00e4nglich f\u00fcr alle Tierhalter zu machen.<\/p><p>Gegr\u00fcndet in Luxemburg, begann unsere Reise mit einer tiefen Liebe zu Tieren und der Vision, Tierhalter mit erstklassigen Dienstleistern zusammenzubringen.<\/p><p>Die Plattform wird von unserem Engagement f\u00fcr das Wohlergehen von Tieren und die Zufriedenheit unserer Kunden getragen.<\/p>\t\t\t\t\t\t<\/div>\n\t\t\t\t<\/div>\n\t\t\t\t<\/div>\n\t\t<div class=\"elementor-element elementor-element-1565b4cc e-con-full e-flex e-con e-child\" data-id=\"1565b4cc\" data-element_type=\"container\" data-settings=\"{&quot;background_background&quot;:&quot;classic&quot;}\">\n\t\t\t\t<div class=\"elementor-element elementor-element-7acf2e81 elementor-widget elementor-widget-image\" data-id=\"7acf2e81\" data-element_type=\"widget\" data-widget_type=\"image.default\">\n\t\t\t\t<div class=\"elementor-widget-container\">\n\t\t\t<style>\/*! elementor - v3.20.0 - 11-03-2024 *\/\n.elementor-widget-image{text-align:center}.elementor-widget-image a{display:inline-block}.elementor-widget-image a img[src$=\".svg\"]{width:48px}.elementor-widget-image img{vertical-align:middle;display:inline-block}<\/style>\t\t\t\t\t\t\t\t\t\t<img fetchpriority=\"high\" decoding=\"async\" width=\"800\" height=\"799\" src=\"https:\/\/letzpaws.com\/wp-content\/uploads\/2024\/01\/blue.jpg\" class=\"attachment-large size-large wp-image-823\" alt=\"\" srcset=\"https:\/\/letzpaws.com\/wp-content\/uploads\/2024\/01\/blue.jpg 1000w, https:\/\/letzpaws.com\/wp-content\/uploads\/2024\/01\/blue-300x300.jpg 300w, https:\/\/letzpaws.com\/wp-content\/uploads\/2024\/01\/blue-150x150.jpg 150w, https:\/\/letzpaws.com\/wp-content\/uploads\/2024\/01\/blue-768x767.jpg 768w\" sizes=\"(max-width: 800px) 100vw, 800px\" \/>\t\t\t\t\t\t\t\t\t\t\t\t\t<\/div>\n\t\t\t\t<\/div>\n\t\t\t\t<\/div>\n\t\t\t\t\t<\/div>\n\t\t\t\t<\/div>\n\t\t<div class=\"elementor-element elementor-element-58310d63 e-flex e-con-boxed e-con e-parent\" data-id=\"58310d63\" data-element_type=\"container\" data-settings=\"{&quot;background_background&quot;:&quot;classic&quot;}\" data-core-v316-plus=\"true\">\n\t\t\t\t\t<div class=\"e-con-inner\">\n\t\t<div class=\"elementor-element elementor-element-7bd5a004 e-con-full e-flex e-con e-child\" data-id=\"7bd5a004\" data-element_type=\"container\">\n\t\t\t\t<div class=\"elementor-element elementor-element-36c34376 elementor-widget elementor-widget-image\" data-id=\"36c34376\" data-element_type=\"widget\" data-widget_type=\"image.default\">\n\t\t\t\t<div class=\"elementor-widget-container\">\n\t\t\t\t\t\t\t\t\t\t\t\t\t<img decoding=\"async\" width=\"800\" height=\"800\" src=\"https:\/\/letzpaws.com\/wp-content\/uploads\/2024\/01\/cat-about-us-1024x1024.jpg\" class=\"attachment-large size-large wp-image-834\" alt=\"\" srcset=\"https:\/\/letzpaws.com\/wp-content\/uploads\/2024\/01\/cat-about-us-1024x1024.jpg 1024w, https:\/\/letzpaws.com\/wp-content\/uploads\/2024\/01\/cat-about-us-300x300.jpg 300w, https:\/\/letzpaws.com\/wp-content\/uploads\/2024\/01\/cat-about-us-150x150.jpg 150w, https:\/\/letzpaws.com\/wp-content\/uploads\/2024\/01\/cat-about-us-768x768.jpg 768w, https:\/\/letzpaws.com\/wp-content\/uploads\/2024\/01\/cat-about-us.jpg 1440w\" sizes=\"(max-width: 800px) 100vw, 800px\" \/>\t\t\t\t\t\t\t\t\t\t\t\t\t<\/div>\n\t\t\t\t<\/div>\n\t\t\t\t<\/div>\n\t\t<div class=\"elementor-element elementor-element-5db81031 e-con-full e-flex e-con e-child\" data-id=\"5db81031\" data-element_type=\"container\">\n\t\t\t\t<div class=\"elementor-element elementor-element-a87c34d elementor-invisible elementor-widget elementor-widget-heading\" data-id=\"a87c34d\" data-element_type=\"widget\" data-settings=\"{&quot;_animation&quot;:&quot;fadeInUp&quot;}\" data-widget_type=\"heading.default\">\n\t\t\t\t<div class=\"elementor-widget-container\">\n\t\t\t<h2 class=\"elementor-heading-title elementor-size-default\">Unser Auftrag<span style=\"color: #F6B8A9; -webkit-text-stroke: 1px #0e333d;\">n<\/span><\/h2>\t\t<\/div>\n\t\t\t\t<\/div>\n\t\t\t\t<div class=\"elementor-element elementor-element-83eff0c elementor-widget elementor-widget-text-editor\" data-id=\"83eff0c\" data-element_type=\"widget\" data-widget_type=\"text-editor.default\">\n\t\t\t\t<div class=\"elementor-widget-container\">\n\t\t\t\t\t\t\t<p>Unser Ziel ist es, die Pflege von Haustieren zu vereinfachen.<\/p><p>Wir sind der Meinung, dass jedes Haustier das Beste verdient und dass jeder Tierhalter einfachen und schnellen Zugang zu erstklassigen Dienstleistungen haben sollte.<\/p><p>LetzPaws ist mehr als eine App; es ist eine Gemeinschaft, in der die Pflege von Haustieren im Vordergrund steht.<\/p>\t\t\t\t\t\t<\/div>\n\t\t\t\t<\/div>\n\t\t\t\t<\/div>\n\t\t\t\t\t<\/div>\n\t\t\t\t<\/div>\n\t\t<div class=\"elementor-element elementor-element-49e8956 e-flex e-con-boxed e-con e-parent\" data-id=\"49e8956\" data-element_type=\"container\" data-core-v316-plus=\"true\">\n\t\t\t\t\t<div class=\"e-con-inner\">\n\t\t<div class=\"elementor-element elementor-element-dc829f2 e-con-full e-flex e-con e-child\" data-id=\"dc829f2\" data-element_type=\"container\">\n\t\t\t\t<div class=\"elementor-element elementor-element-a4f8c5a elementor-invisible elementor-widget elementor-widget-heading\" data-id=\"a4f8c5a\" data-element_type=\"widget\" data-settings=\"{&quot;_animation&quot;:&quot;fadeInUp&quot;}\" data-widget_type=\"heading.default\">\n\t\t\t\t<div class=\"elementor-widget-container\">\n\t\t\t<h2 class=\"elementor-heading-title elementor-size-default\">Unser Ziel<span style=\"color: #F6B8A9; -webkit-text-stroke: 1px #0e333d;\">n<\/span><\/h2>\t\t<\/div>\n\t\t\t\t<\/div>\n\t\t\t\t<div class=\"elementor-element elementor-element-7531e37 elementor-widget elementor-widget-text-editor\" data-id=\"7531e37\" data-element_type=\"widget\" data-widget_type=\"text-editor.default\">\n\t\t\t\t<div class=\"elementor-widget-container\">\n\t\t\t\t\t\t\t<p>Wir stellen uns eine Welt vor, in der die Betreuung von Haustieren nahtlos und stressfrei verl\u00e4uft.<\/p>\n<p>Unser Ziel ist es, die beste Plattform f\u00fcr Dienstleistungen im Bereich Haustiere zu sein und eine Gemeinschaft zu schaffen, in der Anbieter und Tierhalter m\u00fchelos in Kontakt treten k\u00f6nnen.<\/p>\n<p>Wir entwickeln uns st\u00e4ndig weiter, um den sich wandelnden Bed\u00fcrfnissen von Haustieren und ihren Besitzern gerecht zu werden.<\/p>\t\t\t\t\t\t<\/div>\n\t\t\t\t<\/div>\n\t\t\t\t<\/div>\n\t\t<div class=\"elementor-element elementor-element-830285c e-con-full e-flex e-con e-child\" data-id=\"830285c\" data-element_type=\"container\" data-settings=\"{&quot;background_background&quot;:&quot;classic&quot;}\">\n\t\t\t\t<div class=\"elementor-element elementor-element-b402e28 elementor-widget elementor-widget-image\" data-id=\"b402e28\" data-element_type=\"widget\" data-widget_type=\"image.default\">\n\t\t\t\t<div class=\"elementor-widget-container\">\n\t\t\t\t\t\t\t\t\t\t\t\t\t<img decoding=\"async\" width=\"800\" height=\"800\" src=\"https:\/\/letzpaws.com\/wp-content\/uploads\/2024\/01\/rabbit.jpg\" class=\"attachment-large size-large wp-image-556\" alt=\"\" srcset=\"https:\/\/letzpaws.com\/wp-content\/uploads\/2024\/01\/rabbit.jpg 800w, https:\/\/letzpaws.com\/wp-content\/uploads\/2024\/01\/rabbit-300x300.jpg 300w, https:\/\/letzpaws.com\/wp-content\/uploads\/2024\/01\/rabbit-150x150.jpg 150w, https:\/\/letzpaws.com\/wp-content\/uploads\/2024\/01\/rabbit-768x768.jpg 768w\" sizes=\"(max-width: 800px) 100vw, 800px\" \/>\t\t\t\t\t\t\t\t\t\t\t\t\t<\/div>\n\t\t\t\t<\/div>\n\t\t\t\t<\/div>\n\t\t\t\t\t<\/div>\n\t\t\t\t<\/div>\n\t\t<div class=\"elementor-element elementor-element-7542694 e-flex e-con-boxed e-con e-parent\" data-id=\"7542694\" data-element_type=\"container\" data-settings=\"{&quot;background_background&quot;:&quot;classic&quot;}\" data-core-v316-plus=\"true\">\n\t\t\t\t\t<div class=\"e-con-inner\">\n\t\t<div class=\"elementor-element elementor-element-49000a7 e-con-full e-flex e-con e-child\" data-id=\"49000a7\" data-element_type=\"container\">\n\t\t\t\t<div class=\"elementor-element elementor-element-b6f6f11 elementor-widget elementor-widget-image\" data-id=\"b6f6f11\" data-element_type=\"widget\" data-widget_type=\"image.default\">\n\t\t\t\t<div class=\"elementor-widget-container\">\n\t\t\t\t\t\t\t\t\t\t\t\t\t<img loading=\"lazy\" decoding=\"async\" width=\"800\" height=\"800\" src=\"https:\/\/letzpaws.com\/wp-content\/uploads\/2024\/01\/parrot.jpg\" class=\"attachment-large size-large wp-image-555\" alt=\"\" srcset=\"https:\/\/letzpaws.com\/wp-content\/uploads\/2024\/01\/parrot.jpg 800w, https:\/\/letzpaws.com\/wp-content\/uploads\/2024\/01\/parrot-300x300.jpg 300w, https:\/\/letzpaws.com\/wp-content\/uploads\/2024\/01\/parrot-150x150.jpg 150w, https:\/\/letzpaws.com\/wp-content\/uploads\/2024\/01\/parrot-768x768.jpg 768w\" sizes=\"(max-width: 800px) 100vw, 800px\" \/>\t\t\t\t\t\t\t\t\t\t\t\t\t<\/div>\n\t\t\t\t<\/div>\n\t\t\t\t<\/div>\n\t\t<div class=\"elementor-element elementor-element-7bd38f0 e-con-full e-flex e-con e-child\" data-id=\"7bd38f0\" data-element_type=\"container\">\n\t\t\t\t<div class=\"elementor-element elementor-element-5b0df80 elementor-invisible elementor-widget elementor-widget-heading\" data-id=\"5b0df80\" data-element_type=\"widget\" data-settings=\"{&quot;_animation&quot;:&quot;fadeInUp&quot;}\" data-widget_type=\"heading.default\">\n\t\t\t\t<div class=\"elementor-widget-container\">\n\t\t\t<h2 class=\"elementor-heading-title elementor-size-default\">Unser Wert<span style=\"color: #F6B8A9; -webkit-text-stroke: 1px #0e333d;\">s<\/span><\/h2>\t\t<\/div>\n\t\t\t\t<\/div>\n\t\t\t\t<div class=\"elementor-element elementor-element-11f809c elementor-widget elementor-widget-text-editor\" data-id=\"11f809c\" data-element_type=\"widget\" data-widget_type=\"text-editor.default\">\n\t\t\t\t<div class=\"elementor-widget-container\">\n\t\t\t\t\t\t\t<p>Das Herzst\u00fcck von LetzPaws sind unsere Grundwerte: Mitgef\u00fchl, Qualit\u00e4t und Zuverl\u00e4ssigkeit.<\/p>\n<p>Wir haben eine Leidenschaft f\u00fcr Haustiere, einen hohen Anspruch an die Qualit\u00e4t unserer Dienstleistungen und wollen eine zuverl\u00e4ssige Plattform f\u00fcr Tierhalter und Dienstleister gleicherma\u00dfen bieten.<\/p>\t\t\t\t\t\t<\/div>\n\t\t\t\t<\/div>\n\t\t\t\t<\/div>\n\t\t\t\t\t<\/div>\n\t\t\t\t<\/div>\n\t\t<div class=\"elementor-element elementor-element-8e114da e-flex e-con-boxed e-con e-parent\" data-id=\"8e114da\" data-element_type=\"container\" data-settings=\"{&quot;background_background&quot;:&quot;classic&quot;}\" data-core-v316-plus=\"true\">\n\t\t\t\t\t<div class=\"e-con-inner\">\n\t\t<div class=\"elementor-element elementor-element-ed6304c e-con-full e-flex e-con e-child\" data-id=\"ed6304c\" data-element_type=\"container\">\n\t\t\t\t<div class=\"elementor-element elementor-element-5a6b047 elementor-widget elementor-widget-image\" data-id=\"5a6b047\" data-element_type=\"widget\" data-widget_type=\"image.default\">\n\t\t\t\t<div class=\"elementor-widget-container\">\n\t\t\t\t\t\t\t\t\t\t\t\t\t<img loading=\"lazy\" decoding=\"async\" width=\"800\" height=\"800\" src=\"https:\/\/letzpaws.com\/wp-content\/uploads\/2024\/01\/mouse.jpg\" class=\"attachment-large size-large wp-image-554\" alt=\"\" srcset=\"https:\/\/letzpaws.com\/wp-content\/uploads\/2024\/01\/mouse.jpg 800w, https:\/\/letzpaws.com\/wp-content\/uploads\/2024\/01\/mouse-300x300.jpg 300w, https:\/\/letzpaws.com\/wp-content\/uploads\/2024\/01\/mouse-150x150.jpg 150w, https:\/\/letzpaws.com\/wp-content\/uploads\/2024\/01\/mouse-768x768.jpg 768w\" sizes=\"(max-width: 800px) 100vw, 800px\" \/>\t\t\t\t\t\t\t\t\t\t\t\t\t<\/div>\n\t\t\t\t<\/div>\n\t\t\t\t<\/div>\n\t\t<div class=\"elementor-element elementor-element-cf0194f e-con-full e-flex e-con e-child\" data-id=\"cf0194f\" data-element_type=\"container\">\n\t\t\t\t<div class=\"elementor-element elementor-element-4ffe74b elementor-invisible elementor-widget elementor-widget-heading\" data-id=\"4ffe74b\" data-element_type=\"widget\" data-settings=\"{&quot;_animation&quot;:&quot;fadeInUp&quot;}\" data-widget_type=\"heading.default\">\n\t\t\t\t<div class=\"elementor-widget-container\">\n\t\t\t<h2 class=\"elementor-heading-title elementor-size-default\">Unser Engagement f\u00fcr Qualit\u00e4t<span style=\"color: #F6B8A9; -webkit-text-stroke: 1px #0e333d;\">y<\/span><\/h2>\t\t<\/div>\n\t\t\t\t<\/div>\n\t\t\t\t<div class=\"elementor-element elementor-element-bb30933 elementor-widget elementor-widget-text-editor\" data-id=\"bb30933\" data-element_type=\"widget\" data-widget_type=\"text-editor.default\">\n\t\t\t\t<div class=\"elementor-widget-container\">\n\t\t\t\t\t\t\t<p>Qualit\u00e4t ist das Herzst\u00fcck von LetzPaws.<\/p>\n<p>Wir pr\u00fcfen alle Dienstleister sorgf\u00e4ltig und stellen sicher, dass sie unsere hohen Standards erf\u00fcllen.<\/p>\n<p>Unsere App ist auf Benutzerfreundlichkeit ausgelegt, ohne dabei Kompromisse bei der Servicequalit\u00e4t einzugehen.<\/p>\t\t\t\t\t\t<\/div>\n\t\t\t\t<\/div>\n\t\t\t\t<\/div>\n\t\t\t\t\t<\/div>\n\t\t\t\t<\/div>\n\t\t<div class=\"elementor-element elementor-element-54c834a e-flex e-con-boxed e-con e-parent\" data-id=\"54c834a\" data-element_type=\"container\" data-settings=\"{&quot;background_background&quot;:&quot;classic&quot;}\" data-core-v316-plus=\"true\">\n\t\t\t\t\t<div class=\"e-con-inner\">\n\t\t\t\t<div class=\"elementor-element elementor-element-e23f8a9 elementor-invisible elementor-widget elementor-widget-heading\" data-id=\"e23f8a9\" data-element_type=\"widget\" data-settings=\"{&quot;_animation&quot;:&quot;fadeInUp&quot;}\" data-widget_type=\"heading.default\">\n\t\t\t\t<div class=\"elementor-widget-container\">\n\t\t\t<h2 class=\"elementor-heading-title elementor-size-default\">LetzPaws bekommen nein<span style=\"color: #F6B8A9; -webkit-text-stroke: 1px #0e333d;\">w<\/span>!<\/h2>\t\t<\/div>\n\t\t\t\t<\/div>\n\t\t\t\t<div class=\"elementor-element elementor-element-7884c60 elementor-widget elementor-widget-text-editor\" data-id=\"7884c60\" data-element_type=\"widget\" data-widget_type=\"text-editor.default\">\n\t\t\t\t<div class=\"elementor-widget-container\">\n\t\t\t\t\t\t\t<p>Wir laden Sie ein, gemeinsam mit uns die Haustierbetreuung zu revolutionieren. Ob Sie ein Tierbesitzer oder ein Dienstleister sind, LetzPaws ist f\u00fcr Sie da.<\/p>\t\t\t\t\t\t<\/div>\n\t\t\t\t<\/div>\n\t\t\t\t<div class=\"elementor-element elementor-element-0a7553e elementor-widget elementor-widget-heading\" data-id=\"0a7553e\" data-element_type=\"widget\" data-widget_type=\"heading.default\">\n\t\t\t\t<div class=\"elementor-widget-container\">\n\t\t\t<h4 class=\"elementor-heading-title elementor-size-default\">Jetzt herunterladen <\/h4>\t\t<\/div>\n\t\t\t\t<\/div>\n\t\t<div class=\"elementor-element elementor-element-de4464e e-con-full e-flex e-con e-child\" data-id=\"de4464e\" data-element_type=\"container\" data-settings=\"{&quot;animation_mobile&quot;:&quot;none&quot;}\">\n\t\t<div class=\"elementor-element elementor-element-e7d28df e-con-full e-flex e-con e-child\" data-id=\"e7d28df\" data-element_type=\"container\">\n\t\t\t\t<div class=\"elementor-element elementor-element-2ff3e82 elementor-widget elementor-widget-image\" data-id=\"2ff3e82\" data-element_type=\"widget\" data-widget_type=\"image.default\">\n\t\t\t\t<div class=\"elementor-widget-container\">\n\t\t\t\t\t\t\t\t\t\t\t\t\t\t<a href=\"https:\/\/apps.apple.com\/lu\/app\/letzpaws\/id6502384090\" target=\"_blank\">\n\t\t\t\t\t\t\t<img loading=\"lazy\" decoding=\"async\" width=\"800\" height=\"238\" src=\"https:\/\/letzpaws.com\/wp-content\/uploads\/2024\/01\/iOs-store.png\" class=\"attachment-large size-large wp-image-462\" alt=\"Download LetzPaws on the App Store\" srcset=\"https:\/\/letzpaws.com\/wp-content\/uploads\/2024\/01\/iOs-store.png 810w, https:\/\/letzpaws.com\/wp-content\/uploads\/2024\/01\/iOs-store-300x89.png 300w, https:\/\/letzpaws.com\/wp-content\/uploads\/2024\/01\/iOs-store-768x229.png 768w\" sizes=\"(max-width: 800px) 100vw, 800px\" \/>\t\t\t\t\t\t\t\t<\/a>\n\t\t\t\t\t\t\t\t\t\t\t\t\t<\/div>\n\t\t\t\t<\/div>\n\t\t\t\t<\/div>\n\t\t<div class=\"elementor-element elementor-element-d34f463 e-con-full e-flex e-con e-child\" data-id=\"d34f463\" data-element_type=\"container\">\n\t\t\t\t<div class=\"elementor-element elementor-element-adcbfea elementor-widget elementor-widget-image\" data-id=\"adcbfea\" data-element_type=\"widget\" data-widget_type=\"image.default\">\n\t\t\t\t<div class=\"elementor-widget-container\">\n\t\t\t\t\t\t\t\t\t\t\t\t\t\t<a href=\"https:\/\/play.google.com\/store\/apps\/details?id=com.letzpaws.app&#038;pcampaignid=web_share\" target=\"_blank\">\n\t\t\t\t\t\t\t<img loading=\"lazy\" decoding=\"async\" width=\"800\" height=\"239\" src=\"https:\/\/letzpaws.com\/wp-content\/uploads\/2024\/01\/Google_play-store.png\" class=\"attachment-large size-large wp-image-463\" alt=\"Download LetzPaws on Google Play\" srcset=\"https:\/\/letzpaws.com\/wp-content\/uploads\/2024\/01\/Google_play-store.png 814w, https:\/\/letzpaws.com\/wp-content\/uploads\/2024\/01\/Google_play-store-300x90.png 300w, https:\/\/letzpaws.com\/wp-content\/uploads\/2024\/01\/Google_play-store-768x229.png 768w\" sizes=\"(max-width: 800px) 100vw, 800px\" \/>\t\t\t\t\t\t\t\t<\/a>\n\t\t\t\t\t\t\t\t\t\t\t\t\t<\/div>\n\t\t\t\t<\/div>\n\t\t\t\t<\/div>\n\t\t\t\t<\/div>\n\t\t<div class=\"elementor-element elementor-element-0067bca elementor-hidden-desktop elementor-hidden-tablet elementor-hidden-mobile e-flex e-con-boxed e-con e-child\" data-id=\"0067bca\" data-element_type=\"container\">\n\t\t\t\t\t<div class=\"e-con-inner\">\n\t\t<div class=\"elementor-element elementor-element-6a69d1f e-flex e-con-boxed e-con e-child\" data-id=\"6a69d1f\" data-element_type=\"container\">\n\t\t\t\t\t<div class=\"e-con-inner\">\n\t\t\t\t<div class=\"elementor-element elementor-element-f02bb94 elementor-mobile-align-center elementor-align-center elementor-invisible elementor-widget elementor-widget-button\" data-id=\"f02bb94\" data-element_type=\"widget\" data-settings=\"{&quot;_animation&quot;:&quot;fadeInDown&quot;}\" data-widget_type=\"button.default\">\n\t\t\t\t<div class=\"elementor-widget-container\">\n\t\t\t\t\t<div class=\"elementor-button-wrapper\">\n\t\t\t<a class=\"elementor-button elementor-button-link elementor-size-sm\" href=\"#elementor-action:action=popup:open&settings=eyJpZCI6Ijk4OSIsInRvZ2dsZSI6ZmFsc2V9\">\n\t\t\t\t\t\t<span class=\"elementor-button-content-wrapper\">\n\t\t\t\t\t\t<span class=\"elementor-button-text\">Kommen Sie auf die Warteliste!<\/span>\n\t\t<\/span>\n\t\t\t\t\t<\/a>\n\t\t<\/div>\n\t\t\t\t<\/div>\n\t\t\t\t<\/div>\n\t\t\t\t\t<\/div>\n\t\t\t\t<\/div>\n\t\t\t\t\t<\/div>\n\t\t\t\t<\/div>\n\t\t<div class=\"elementor-element elementor-element-281a8dc elementor-hidden-desktop elementor-hidden-tablet elementor-hidden-mobile e-flex e-con-boxed e-con e-child\" data-id=\"281a8dc\" data-element_type=\"container\">\n\t\t\t\t\t<div class=\"e-con-inner\">\n\t\t<div class=\"elementor-element elementor-element-d9d3c9b e-flex e-con-boxed e-con e-child\" data-id=\"d9d3c9b\" data-element_type=\"container\">\n\t\t\t\t\t<div class=\"e-con-inner\">\n\t\t\t\t<div class=\"elementor-element elementor-element-44803d6 elementor-mobile-align-center elementor-align-center elementor-invisible elementor-widget elementor-widget-button\" data-id=\"44803d6\" data-element_type=\"widget\" data-settings=\"{&quot;_animation&quot;:&quot;fadeInDown&quot;}\" data-widget_type=\"button.default\">\n\t\t\t\t<div class=\"elementor-widget-container\">\n\t\t\t\t\t<div class=\"elementor-button-wrapper\">\n\t\t\t<a class=\"elementor-button elementor-button-link elementor-size-sm\" href=\"#elementor-action:action=popup:open&settings=eyJpZCI6Ijk4OSIsInRvZ2dsZSI6ZmFsc2V9\">\n\t\t\t\t\t\t<span class=\"elementor-button-content-wrapper\">\n\t\t\t\t\t\t<span class=\"elementor-button-text\">Jetzt herunterladen<\/span>\n\t\t<\/span>\n\t\t\t\t\t<\/a>\n\t\t<\/div>\n\t\t\t\t<\/div>\n\t\t\t\t<\/div>\n\t\t\t\t\t<\/div>\n\t\t\t\t<\/div>\n\t\t<div class=\"elementor-element elementor-element-90459a7 e-con-full e-flex e-con e-child\" data-id=\"90459a7\" data-element_type=\"container\">\n\t\t\t\t<div class=\"elementor-element elementor-element-6dd226e elementor-widget elementor-widget-heading\" data-id=\"6dd226e\" data-element_type=\"widget\" data-widget_type=\"heading.default\">\n\t\t\t\t<div class=\"elementor-widget-container\">\n\t\t\t<h2 class=\"elementor-heading-title elementor-size-default\">oder<\/h2>\t\t<\/div>\n\t\t\t\t<\/div>\n\t\t\t\t<\/div>\n\t\t<div class=\"elementor-element elementor-element-c4b95c7 e-flex e-con-boxed e-con e-child\" data-id=\"c4b95c7\" data-element_type=\"container\">\n\t\t\t\t\t<div class=\"e-con-inner\">\n\t\t\t\t<div class=\"elementor-element elementor-element-0a62014 elementor-mobile-align-center elementor-align-center elementor-invisible elementor-widget elementor-widget-button\" data-id=\"0a62014\" data-element_type=\"widget\" data-settings=\"{&quot;_animation&quot;:&quot;fadeInDown&quot;}\" data-widget_type=\"button.default\">\n\t\t\t\t<div class=\"elementor-widget-container\">\n\t\t\t\t\t<div class=\"elementor-button-wrapper\">\n\t\t\t<a class=\"elementor-button elementor-button-link elementor-size-sm\" href=\"https:\/\/letzpaws.com\/de\/join-letzpaws-revolutionize-your-pet-care-services\/\">\n\t\t\t\t\t\t<span class=\"elementor-button-content-wrapper\">\n\t\t\t\t\t\t<span class=\"elementor-button-text\">Beitritt als Dienstleistungsanbieter<\/span>\n\t\t<\/span>\n\t\t\t\t\t<\/a>\n\t\t<\/div>\n\t\t\t\t<\/div>\n\t\t\t\t<\/div>\n\t\t\t\t\t<\/div>\n\t\t\t\t<\/div>\n\t\t\t\t\t<\/div>\n\t\t\t\t<\/div>\n\t\t\t\t\t<\/div>\n\t\t\t\t<\/div>\n\t\t\t\t<\/div>","protected":false},"excerpt":{"rendered":"<p>Unsere Geschichte LetzPaws begann mit einer einfachen Idee - Haustierbetreuung einfach und zug\u00e4nglich f\u00fcr alle Tierhalter zu machen. Gegr\u00fcndet in Luxemburg, begann unsere Reise mit einer tiefen Liebe zu Tieren und der Vision, Tierhalter mit erstklassigen Dienstleistern zu verbinden. Die Plattform wird von unserem Engagement f\u00fcr das Wohlergehen von Haustieren und [...]<\/p>","protected":false},"author":1,"featured_media":0,"parent":0,"menu_order":2,"comment_status":"closed","ping_status":"closed","template":"elementor_header_footer","meta":{"inline_featured_image":false,"_monsterinsights_skip_tracking":false,"_monsterinsights_sitenote_active":false,"_monsterinsights_sitenote_note":"","_monsterinsights_sitenote_category":0,"footnotes":""},"class_list":["post-131","page","type-page","status-publish","hentry"],"aioseo_notices":[],"_links":{"self":[{"href":"https:\/\/letzpaws.com\/de\/wp-json\/wp\/v2\/pages\/131","targetHints":{"allow":["GET"]}}],"collection":[{"href":"https:\/\/letzpaws.com\/de\/wp-json\/wp\/v2\/pages"}],"about":[{"href":"https:\/\/letzpaws.com\/de\/wp-json\/wp\/v2\/types\/page"}],"author":[{"embeddable":true,"href":"https:\/\/letzpaws.com\/de\/wp-json\/wp\/v2\/users\/1"}],"replies":[{"embeddable":true,"href":"https:\/\/letzpaws.com\/de\/wp-json\/wp\/v2\/comments?post=131"}],"version-history":[{"count":56,"href":"https:\/\/letzpaws.com\/de\/wp-json\/wp\/v2\/pages\/131\/revisions"}],"predecessor-version":[{"id":2023,"href":"https:\/\/letzpaws.com\/de\/wp-json\/wp\/v2\/pages\/131\/revisions\/2023"}],"wp:attachment":[{"href":"https:\/\/letzpaws.com\/de\/wp-json\/wp\/v2\/media?parent=131"}],"curies":[{"name":"wp","href":"https:\/\/api.w.org\/{rel}","templated":true}]}}