{"id":803,"date":"2024-01-13T13:47:48","date_gmt":"2024-01-13T13:47:48","guid":{"rendered":"https:\/\/letzpaws.com\/?page_id=803"},"modified":"2024-01-19T12:19:30","modified_gmt":"2024-01-19T11:19:30","slug":"cookie-policy","status":"publish","type":"page","link":"https:\/\/letzpaws.com\/de\/cookie-policy\/","title":{"rendered":"Cookie-Richtlinie"},"content":{"rendered":"<div data-elementor-type=\"wp-page\" data-elementor-id=\"803\" class=\"elementor elementor-803\" data-elementor-post-type=\"page\">\n\t\t\t\t<div class=\"elementor-element elementor-element-5b08f58 e-flex e-con-boxed e-con e-parent\" data-id=\"5b08f58\" data-element_type=\"container\" data-core-v316-plus=\"true\">\n\t\t\t\t\t<div class=\"e-con-inner\">\n\t\t\t\t<div class=\"elementor-element elementor-element-55399bc elementor-widget elementor-widget-text-editor\" data-id=\"55399bc\" data-element_type=\"widget\" data-widget_type=\"text-editor.default\">\n\t\t\t\t<div class=\"elementor-widget-container\">\n\t\t\t<style>\/*! elementor - v3.20.0 - 11-03-2024 *\/\n.elementor-widget-text-editor.elementor-drop-cap-view-stacked .elementor-drop-cap{background-color:#69727d;color:#fff}.elementor-widget-text-editor.elementor-drop-cap-view-framed .elementor-drop-cap{color:#69727d;border:3px solid;background-color:transparent}.elementor-widget-text-editor:not(.elementor-drop-cap-view-default) .elementor-drop-cap{margin-top:8px}.elementor-widget-text-editor:not(.elementor-drop-cap-view-default) .elementor-drop-cap-letter{width:1em;height:1em}.elementor-widget-text-editor .elementor-drop-cap{float:left;text-align:center;line-height:1;font-size:50px}.elementor-widget-text-editor .elementor-drop-cap-letter{display:inline-block}<\/style>\t\t\t\t<h1>Cookie-Richtlinie<\/h1><p>Aktualisiert am 13. Januar 2024<\/p><p>\u00a0<\/p><h2>Definitionen und Schl\u00fcsselbegriffe<\/h2><p>Um die Dinge in dieser Cookie-Richtlinie so klar wie m\u00f6glich zu erkl\u00e4ren, werden diese Begriffe jedes Mal, wenn auf sie Bezug genommen wird, streng als solche definiert:<\/p><p>\u00a0<\/p><ul><li>Cookie: kleine Datenmenge, die von einer Website erzeugt und von Ihrem Webbrowser gespeichert wird. Es wird verwendet, um Ihren Browser zu identifizieren, Analysen zu erstellen und Informationen \u00fcber Sie zu speichern, wie z. B. Ihre Sprachpr\u00e4ferenz oder Ihre Anmeldeinformationen.<\/li><li>Unternehmen: Wenn in dieser Richtlinie von \"Unternehmen\", \"wir\", \"uns\" oder \"unser\" die Rede ist, bezieht sich dies auf LetzPaws, das gem\u00e4\u00df dieser Cookie-Richtlinie f\u00fcr Ihre Daten verantwortlich ist.<\/li><li>Ger\u00e4t: jedes mit dem Internet verbundene Ger\u00e4t, wie z. B. ein Telefon, ein Tablet, ein Computer oder ein anderes Ger\u00e4t, das f\u00fcr den Besuch von LetzPaws und die Nutzung der Dienste verwendet werden kann.<\/li><li>Personenbezogene Daten: alle Informationen, die direkt, indirekt oder in Verbindung mit anderen Informationen - einschlie\u00dflich einer pers\u00f6nlichen Identifikationsnummer - die Identifizierung oder Identifizierbarkeit einer nat\u00fcrlichen Person erm\u00f6glichen.<\/li><li>Dienst: bezieht sich auf den von LetzPaws bereitgestellten Dienst, wie in den entsprechenden Bedingungen (falls verf\u00fcgbar) und auf dieser Plattform beschrieben.<\/li><li>Dienste Dritter: bezieht sich auf Werbetreibende, Sponsoren von Wettbewerben, Werbe- und Marketingpartner und andere, die unsere Inhalte bereitstellen oder deren Produkte oder Dienstleistungen unserer Meinung nach f\u00fcr Sie von Interesse sein k\u00f6nnten.<\/li><li>Sie: eine nat\u00fcrliche oder juristische Person, die bei LetzPaws zur Nutzung der Dienste registriert ist.<\/li><\/ul><p>\u00a0<\/p><p>Diese Cookie-Richtlinie wurde erstellt mit <a href=\"https:\/\/termify.io\">Termify<\/a>.<\/p><p>\u00a0<\/p><h2>Einf\u00fchrung<\/h2><p>In dieser Cookie-Richtlinie wird erl\u00e4utert, wie LetzPaws und seine Partner (zusammenfassend \"LetzPaws\", \"wir\", \"uns\" und \"unser\") Cookies und \u00e4hnliche Technologien verwenden, um Sie zu erkennen, wenn Sie unsere Website\/App besuchen, einschlie\u00dflich, aber nicht beschr\u00e4nkt auf https:\/\/letzpaws.com und alle zugeh\u00f6rigen URLs, mobile oder lokalisierte Versionen und zugeh\u00f6rige Domains\/Subdomains (\"Websites\"). Es wird erkl\u00e4rt, was diese Technologien sind und warum wir sie verwenden, sowie die M\u00f6glichkeiten, sie zu kontrollieren.<\/p><p>\u00a0<\/p><h2>Was ist ein Keks?<\/h2><p>Ein Cookie ist eine kleine Textdatei, die auf Ihrem Computer oder einem anderen mit dem Internet verbundenen Ger\u00e4t gespeichert wird, um Ihren Browser zu identifizieren, Analysen bereitzustellen und sich an Informationen \u00fcber Sie zu erinnern, wie z. B. Ihre Sprachpr\u00e4ferenz oder Ihre Anmeldeinformationen. Sie sind v\u00f6llig sicher und k\u00f6nnen nicht dazu verwendet werden, Programme auszuf\u00fchren oder Viren auf Ihr Ger\u00e4t zu \u00fcbertragen.<\/p><p>\u00a0<\/p><h2>Warum verwenden wir Cookies?<\/h2><p>Wir verwenden Cookies von Erstanbietern und\/oder Drittanbietern auf unserer Website\/App f\u00fcr verschiedene Zwecke wie z. B.:<\/p><p>\u00a0<\/p><ul><li>Um den Betrieb und die Funktionalit\u00e4t unserer Website\/App zu erleichtern;<\/li><li>Um Ihre Erfahrung mit unserer Website\/App zu verbessern und die Navigation auf ihnen schneller und einfacher zu machen;<\/li><li>Damit wir Ihnen ein ma\u00dfgeschneidertes Nutzererlebnis bieten k\u00f6nnen und damit wir verstehen, was f\u00fcr Sie n\u00fctzlich oder interessant ist;<\/li><li>Um zu analysieren, wie unsere Website\/Anwendung genutzt wird und wie wir sie am besten anpassen k\u00f6nnen;<\/li><li>Um zuk\u00fcnftige Interessenten zu identifizieren und Marketing- und Vertriebsinteraktionen mit ihnen zu personalisieren;<\/li><li>Zur Erleichterung der Anpassung von Online-Werbung an Ihre Interessen.<\/li><\/ul><p>\u00a0<\/p><h2>Welche Art von Cookies verwendet LetzPaws?<\/h2><p>Cookies k\u00f6nnen entweder Sitzungscookies oder dauerhafte Cookies sein. Ein Sitzungscookie l\u00e4uft automatisch ab, wenn Sie Ihren Browser schlie\u00dfen. Ein dauerhafter Cookie bleibt bestehen, bis er abl\u00e4uft oder Sie Ihre Cookies l\u00f6schen. Die Verfallsdaten sind in den Cookies selbst festgelegt; einige k\u00f6nnen nach wenigen Minuten ablaufen, andere nach mehreren Jahren. Cookies, die von der von Ihnen besuchten Website gesetzt werden, nennt man \"First Party Cookies\".<\/p><p>\u00a0<\/p><p>Strictly Necessary Cookies sind f\u00fcr das Funktionieren unserer Website\/App erforderlich und k\u00f6nnen in unseren Systemen nicht ausgeschaltet werden. Sie sind unerl\u00e4sslich, damit Sie sich auf der Website\/App bewegen und ihre Funktionen nutzen k\u00f6nnen. Wenn Sie diese Cookies entfernen oder deaktivieren, k\u00f6nnen wir nicht garantieren, dass Sie unsere Website\/App nutzen k\u00f6nnen.<\/p><p>\u00a0<\/p><p>Wir verwenden die folgenden Arten von Cookies auf unserer Website\/App:<\/p><p>\u00a0<\/p><h2>Unverzichtbare Cookies<\/h2><p>Wir verwenden wichtige Cookies, damit unsere Website\/App funktioniert. Diese Cookies sind unbedingt erforderlich, um Kernfunktionen wie Sicherheit, Netzwerkmanagement, Ihre Cookie-Einstellungen und Zug\u00e4nglichkeit zu erm\u00f6glichen. Ohne sie k\u00f6nnten Sie die grundlegenden Dienste nicht nutzen. Sie k\u00f6nnen diese Cookies deaktivieren, indem Sie die Einstellungen Ihres Browsers \u00e4ndern; dies kann jedoch die Funktionsweise der Websites beeintr\u00e4chtigen.<\/p><p>\u00a0<\/p><h2>Leistungs- und Funktionalit\u00e4ts-Cookies<\/h2><p>Diese Cookies werden verwendet, um die Leistung und Funktionalit\u00e4t unserer Website\/App zu verbessern, sind aber f\u00fcr ihre Nutzung nicht unbedingt erforderlich. Ohne diese Cookies k\u00f6nnten jedoch bestimmte Funktionen wie Videos nicht verf\u00fcgbar sein oder Sie m\u00fcssten bei jedem Besuch der Website\/App Ihre Anmeldedaten eingeben, da wir uns nicht daran erinnern k\u00f6nnten, dass Sie sich zuvor angemeldet haben.<\/p><p>\u00a0<\/p><h2>Marketing-Cookies<\/h2><p>Diese kontobasierten Marketing-Cookies erm\u00f6glichen es uns, zuk\u00fcnftige Interessenten zu identifizieren und die Vertriebs- und Marketinginteraktionen mit ihnen zu personalisieren.<\/p><p>\u00a0<\/p><h2>Analyse- und Anpassungs-Cookies<\/h2><p>Diese Cookies sammeln Informationen, die uns helfen zu verstehen, wie unsere Website\/App genutzt wird oder wie effektiv unsere Marketingkampagnen sind, oder die uns helfen, unsere Website\/App f\u00fcr Sie anzupassen.<\/p><p>\u00a0<\/p><p>Wir verwenden Cookies von Google Analytics, um begrenzte Daten direkt von den Browsern der Endnutzer zu sammeln, damit wir Ihre Nutzung unserer Website\/App besser verstehen k\u00f6nnen. Weitere Informationen dar\u00fcber, wie Google diese Daten sammelt und nutzt, finden Sie unter: https:\/\/www.google.com\/policies\/privacy\/partners\/. Sie k\u00f6nnen alle von Google unterst\u00fctzten Analysefunktionen auf unseren Websites deaktivieren, indem Sie folgende Website besuchen: https:\/\/tools.google.com\/dlpage\/gaoptout.<\/p><p>\u00a0<\/p><h2>Cookies f\u00fcr soziale Medien<\/h2><p>Diese Cookies werden verwendet, wenn Sie Informationen \u00fcber eine Schaltfl\u00e4che f\u00fcr die gemeinsame Nutzung sozialer Medien oder eine \"Gef\u00e4llt mir\"-Schaltfl\u00e4che auf unserer Website teilen oder wenn Sie Ihr Konto mit einer Website eines sozialen Netzwerks wie Facebook, Twitter oder Google+ verkn\u00fcpfen oder sich mit unseren Inhalten besch\u00e4ftigen. Das soziale Netzwerk wird aufzeichnen, dass Sie dies getan haben. Diese Cookies k\u00f6nnen auch bestimmte Codes enthalten, die auf der Plattform platziert wurden, um Konversionen von Anzeigen zu verfolgen, Anzeigen auf der Grundlage gesammelter Daten zu optimieren, Zielgruppen f\u00fcr k\u00fcnftige Anzeigen aufzubauen und qualifizierte Nutzer, die bereits bestimmte Aktionen auf der Plattform durchgef\u00fchrt haben, erneut anzusprechen.<\/p><p>\u00a0<\/p><h2>Cookies von Dritten<\/h2><p>Einige Cookies, die auf unserer Website\/App gesetzt wurden, werden nicht von LetzPaws selbst gesetzt. Die Websites k\u00f6nnen mit Inhalten von Drittanbietern eingebettet sein, um Werbung zu schalten. Diese Drittanbieter k\u00f6nnen ihre eigenen Cookies in Ihrem Webbrowser ablegen. Drittanbieter kontrollieren viele der oben beschriebenen Leistungs- und Funktions-, Werbe-, Marketing- und Analyse-Cookies. Wir haben keine Kontrolle \u00fcber die Verwendung dieser Drittanbieter-Cookies, da nur der Drittanbieter, der sie urspr\u00fcnglich gesetzt hat, Zugriff auf diese Cookies hat.<\/p><p>\u00a0<\/p><h2>Wie k\u00f6nnen Sie Cookies verwalten?<\/h2><p>Bei den meisten Browsern k\u00f6nnen Sie Cookies \u00fcber die \"Einstellungen\" kontrollieren. Wenn Sie jedoch die F\u00e4higkeit von Websites, Cookies zu setzen, einschr\u00e4nken, k\u00f6nnen Sie Ihr Nutzererlebnis insgesamt verschlechtern, da es nicht mehr auf Sie zugeschnitten ist. Es kann auch verhindern, dass Sie benutzerdefinierte Einstellungen wie Anmeldeinformationen speichern. Die Browserhersteller bieten Hilfeseiten zur Cookie-Verwaltung in ihren Produkten an.<\/p><p>\u00a0<\/p><p>Die Browserhersteller bieten Hilfeseiten zur Cookie-Verwaltung in ihren Produkten an. F\u00fcr weitere Informationen siehe unten.<\/p><p>\u00a0<\/p><ul><li>Google Chrome<\/li><li>Internet Explorer<\/li><li>Mozilla Firefox<\/li><li>Safari (Schreibtisch)<\/li><li>Safari (Mobil)<\/li><li>Android-Browser<\/li><li>Oper<\/li><li>Oper Mobil<\/li><\/ul><p>\u00a0<\/p><h2>Blockieren und Deaktivieren von Cookies und \u00e4hnlichen Technologien<\/h2><p>Unabh\u00e4ngig davon, wo Sie sich befinden, k\u00f6nnen Sie Ihren Browser auch so einstellen, dass er Cookies und \u00e4hnliche Technologien blockiert, aber diese Ma\u00dfnahme kann unsere wesentlichen Cookies blockieren und verhindern, dass unsere Website\/App ordnungsgem\u00e4\u00df funktioniert, und Sie k\u00f6nnen m\u00f6glicherweise nicht alle ihre Funktionen und Dienste in vollem Umfang nutzen. Sie sollten sich auch dar\u00fcber im Klaren sein, dass Sie einige gespeicherte Informationen (z. B. gespeicherte Anmeldedaten, Website-Einstellungen) verlieren k\u00f6nnen, wenn Sie Cookies in Ihrem Browser blockieren. Verschiedene Browser stellen Ihnen unterschiedliche Kontrollm\u00f6glichkeiten zur Verf\u00fcgung. Wenn Sie ein Cookie oder eine Cookie-Kategorie deaktivieren, wird das Cookie nicht aus Ihrem Browser gel\u00f6scht; Sie m\u00fcssen dies selbst in Ihrem Browser tun; weitere Informationen finden Sie im Hilfemen\u00fc Ihres Browsers.<\/p><p>\u00a0<\/p><h2>\u00c4nderungen an unserer Cookie-Richtlinie<\/h2><p>Wir k\u00f6nnen unseren Service und unsere Richtlinien \u00e4ndern, und es kann sein, dass wir \u00c4nderungen an dieser Cookie-Richtlinie vornehmen m\u00fcssen, damit sie unseren Service und unsere Richtlinien korrekt wiedergibt. Sofern nicht anderweitig gesetzlich vorgeschrieben, werden wir Sie (z. B. \u00fcber unseren Dienst) benachrichtigen, bevor wir \u00c4nderungen an dieser Cookie-Richtlinie vornehmen, und Ihnen die M\u00f6glichkeit geben, diese zu \u00fcberpr\u00fcfen, bevor sie in Kraft treten. Wenn Sie den Dienst dann weiterhin nutzen, sind Sie an die aktualisierte Cookie-Richtlinie gebunden. Wenn Sie dieser oder einer aktualisierten Cookie-Richtlinie nicht zustimmen m\u00f6chten, k\u00f6nnen Sie Ihr Konto l\u00f6schen.<\/p><p>\u00a0<\/p><h2>Ihr Einverst\u00e4ndnis<\/h2><p>Durch die Nutzung unserer Website\/App, die Registrierung eines Kontos oder einen Kauf stimmen Sie hiermit unserer Cookie-Richtlinie zu und erkl\u00e4ren sich mit deren Bedingungen einverstanden.<\/p><p>\u00a0<\/p><h2>Kontakt<\/h2><p>Z\u00f6gern Sie nicht, uns zu kontaktieren, wenn Sie Fragen zu unserer Cookie-Politik haben.<\/p><p>\u00a0<\/p><ul><li>Per E-Mail: <span \n                data-original-string=\"2g21hnFKtaG44iIGWeIT4ocSqjlwuhtLqvBvSdVdmfI=\"\n                class=\"apbct-email-encoder\"\n                title=\"Dieser Kontakt wurde von Anti-Spam by CleanTalk verschl\u00fcsselt. Klicken Sie zum Entschl\u00fcsseln. Um die Dekodierung abzuschlie\u00dfen, stellen Sie sicher, dass JavaScript in Ihrem Browser aktiviert ist.\">he***@le******.com<\/span><\/li><\/ul>\t\t\t\t\t\t<\/div>\n\t\t\t\t<\/div>\n\t\t\t\t\t<\/div>\n\t\t\t\t<\/div>\n\t\t\t\t<\/div>","protected":false},"excerpt":{"rendered":"<p>Cookie-Richtlinie Aktualisiert am 13. Januar 2024 Definitionen und Schl\u00fcsselbegriffe Um die Dinge in dieser Cookie-Richtlinie so klar wie m\u00f6glich zu erkl\u00e4ren, werden alle Begriffe, auf die Bezug genommen wird, wie folgt definiert:   Cookie: kleine Datenmenge, die von einer Website erzeugt und von Ihrem Webbrowser gespeichert wird. Es wird verwendet, um [...]<\/p>","protected":false},"author":1,"featured_media":0,"parent":0,"menu_order":100,"comment_status":"closed","ping_status":"closed","template":"elementor_header_footer","meta":{"inline_featured_image":false,"_monsterinsights_skip_tracking":false,"_monsterinsights_sitenote_active":false,"_monsterinsights_sitenote_note":"","_monsterinsights_sitenote_category":0,"footnotes":""},"class_list":["post-803","page","type-page","status-publish","hentry"],"aioseo_notices":[],"_links":{"self":[{"href":"https:\/\/letzpaws.com\/de\/wp-json\/wp\/v2\/pages\/803","targetHints":{"allow":["GET"]}}],"collection":[{"href":"https:\/\/letzpaws.com\/de\/wp-json\/wp\/v2\/pages"}],"about":[{"href":"https:\/\/letzpaws.com\/de\/wp-json\/wp\/v2\/types\/page"}],"author":[{"embeddable":true,"href":"https:\/\/letzpaws.com\/de\/wp-json\/wp\/v2\/users\/1"}],"replies":[{"embeddable":true,"href":"https:\/\/letzpaws.com\/de\/wp-json\/wp\/v2\/comments?post=803"}],"version-history":[{"count":4,"href":"https:\/\/letzpaws.com\/de\/wp-json\/wp\/v2\/pages\/803\/revisions"}],"predecessor-version":[{"id":807,"href":"https:\/\/letzpaws.com\/de\/wp-json\/wp\/v2\/pages\/803\/revisions\/807"}],"wp:attachment":[{"href":"https:\/\/letzpaws.com\/de\/wp-json\/wp\/v2\/media?parent=803"}],"curies":[{"name":"wp","href":"https:\/\/api.w.org\/{rel}","templated":true}]}}