{"id":131,"date":"2024-01-23T05:59:07","date_gmt":"2024-01-23T04:59:07","guid":{"rendered":"https:\/\/fluentthemes.com\/wp\/appeasy\/app-demo-one\/?page_id=2"},"modified":"2024-07-16T23:58:06","modified_gmt":"2024-07-16T21:58:06","slug":"about-us","status":"publish","type":"page","link":"https:\/\/letzpaws.com\/fr\/about-us\/","title":{"rendered":"A propos de nous"},"content":{"rendered":"<div data-elementor-type=\"wp-page\" data-elementor-id=\"131\" class=\"elementor elementor-131\" data-elementor-post-type=\"page\">\n\t\t\t\t<div class=\"elementor-element elementor-element-5105e403 e-flex e-con-boxed e-con e-parent\" data-id=\"5105e403\" data-element_type=\"container\" data-core-v316-plus=\"true\">\n\t\t\t\t\t<div class=\"e-con-inner\">\n\t\t<div class=\"elementor-element elementor-element-7a681eb6 e-con-full e-flex e-con e-child\" data-id=\"7a681eb6\" data-element_type=\"container\">\n\t\t\t\t<div class=\"elementor-element elementor-element-d059ad7 elementor-invisible elementor-widget elementor-widget-heading\" data-id=\"d059ad7\" data-element_type=\"widget\" data-settings=\"{&quot;_animation&quot;:&quot;fadeInUp&quot;}\" data-widget_type=\"heading.default\">\n\t\t\t\t<div class=\"elementor-widget-container\">\n\t\t\t<style>\/*! elementor - v3.20.0 - 11-03-2024 *\/\n.elementor-heading-title{padding:0;margin:0;line-height:1}.elementor-widget-heading .elementor-heading-title[class*=elementor-size-]>a{color:inherit;font-size:inherit;line-height:inherit}.elementor-widget-heading .elementor-heading-title.elementor-size-small{font-size:15px}.elementor-widget-heading .elementor-heading-title.elementor-size-medium{font-size:19px}.elementor-widget-heading .elementor-heading-title.elementor-size-large{font-size:29px}.elementor-widget-heading .elementor-heading-title.elementor-size-xl{font-size:39px}.elementor-widget-heading .elementor-heading-title.elementor-size-xxl{font-size:59px}<\/style><h2 class=\"elementor-heading-title elementor-size-default\">Notre histoire<span style=\"color: #F6B8A9; -webkit-text-stroke: 1px #0e333d;\">y<\/span><\/h2>\t\t<\/div>\n\t\t\t\t<\/div>\n\t\t\t\t<div class=\"elementor-element elementor-element-4086c9ec elementor-widget elementor-widget-text-editor\" data-id=\"4086c9ec\" data-element_type=\"widget\" data-widget_type=\"text-editor.default\">\n\t\t\t\t<div class=\"elementor-widget-container\">\n\t\t\t<style>\/*! elementor - v3.20.0 - 11-03-2024 *\/\n.elementor-widget-text-editor.elementor-drop-cap-view-stacked .elementor-drop-cap{background-color:#69727d;color:#fff}.elementor-widget-text-editor.elementor-drop-cap-view-framed .elementor-drop-cap{color:#69727d;border:3px solid;background-color:transparent}.elementor-widget-text-editor:not(.elementor-drop-cap-view-default) .elementor-drop-cap{margin-top:8px}.elementor-widget-text-editor:not(.elementor-drop-cap-view-default) .elementor-drop-cap-letter{width:1em;height:1em}.elementor-widget-text-editor .elementor-drop-cap{float:left;text-align:center;line-height:1;font-size:50px}.elementor-widget-text-editor .elementor-drop-cap-letter{display:inline-block}<\/style>\t\t\t\t<p>LetzPaws est n\u00e9 d'une id\u00e9e simple : rendre les services aux animaux de compagnie faciles et accessibles \u00e0 tous les parents d'animaux.<\/p><p>Fond\u00e9e au Luxembourg, notre aventure a commenc\u00e9 par un amour profond pour les animaux et par la volont\u00e9 de mettre en relation les propri\u00e9taires d'animaux de compagnie avec des prestataires de services de qualit\u00e9.<\/p><p>La plateforme est guid\u00e9e par notre engagement en faveur du bien-\u00eatre des animaux de compagnie et de la satisfaction des clients.<\/p>\t\t\t\t\t\t<\/div>\n\t\t\t\t<\/div>\n\t\t\t\t<\/div>\n\t\t<div class=\"elementor-element elementor-element-1565b4cc e-con-full e-flex e-con e-child\" data-id=\"1565b4cc\" data-element_type=\"container\" data-settings=\"{&quot;background_background&quot;:&quot;classic&quot;}\">\n\t\t\t\t<div class=\"elementor-element elementor-element-7acf2e81 elementor-widget elementor-widget-image\" data-id=\"7acf2e81\" data-element_type=\"widget\" data-widget_type=\"image.default\">\n\t\t\t\t<div class=\"elementor-widget-container\">\n\t\t\t<style>\/*! elementor - v3.20.0 - 11-03-2024 *\/\n.elementor-widget-image{text-align:center}.elementor-widget-image a{display:inline-block}.elementor-widget-image a img[src$=\".svg\"]{width:48px}.elementor-widget-image img{vertical-align:middle;display:inline-block}<\/style>\t\t\t\t\t\t\t\t\t\t<img fetchpriority=\"high\" decoding=\"async\" width=\"800\" height=\"799\" src=\"https:\/\/letzpaws.com\/wp-content\/uploads\/2024\/01\/blue.jpg\" class=\"attachment-large size-large wp-image-823\" alt=\"\" srcset=\"https:\/\/letzpaws.com\/wp-content\/uploads\/2024\/01\/blue.jpg 1000w, https:\/\/letzpaws.com\/wp-content\/uploads\/2024\/01\/blue-300x300.jpg 300w, https:\/\/letzpaws.com\/wp-content\/uploads\/2024\/01\/blue-150x150.jpg 150w, https:\/\/letzpaws.com\/wp-content\/uploads\/2024\/01\/blue-768x767.jpg 768w\" sizes=\"(max-width: 800px) 100vw, 800px\" \/>\t\t\t\t\t\t\t\t\t\t\t\t\t<\/div>\n\t\t\t\t<\/div>\n\t\t\t\t<\/div>\n\t\t\t\t\t<\/div>\n\t\t\t\t<\/div>\n\t\t<div class=\"elementor-element elementor-element-58310d63 e-flex e-con-boxed e-con e-parent\" data-id=\"58310d63\" data-element_type=\"container\" data-settings=\"{&quot;background_background&quot;:&quot;classic&quot;}\" data-core-v316-plus=\"true\">\n\t\t\t\t\t<div class=\"e-con-inner\">\n\t\t<div class=\"elementor-element elementor-element-7bd5a004 e-con-full e-flex e-con e-child\" data-id=\"7bd5a004\" data-element_type=\"container\">\n\t\t\t\t<div class=\"elementor-element elementor-element-36c34376 elementor-widget elementor-widget-image\" data-id=\"36c34376\" data-element_type=\"widget\" data-widget_type=\"image.default\">\n\t\t\t\t<div class=\"elementor-widget-container\">\n\t\t\t\t\t\t\t\t\t\t\t\t\t<img decoding=\"async\" width=\"800\" height=\"800\" src=\"https:\/\/letzpaws.com\/wp-content\/uploads\/2024\/01\/cat-about-us-1024x1024.jpg\" class=\"attachment-large size-large wp-image-834\" alt=\"\" srcset=\"https:\/\/letzpaws.com\/wp-content\/uploads\/2024\/01\/cat-about-us-1024x1024.jpg 1024w, https:\/\/letzpaws.com\/wp-content\/uploads\/2024\/01\/cat-about-us-300x300.jpg 300w, https:\/\/letzpaws.com\/wp-content\/uploads\/2024\/01\/cat-about-us-150x150.jpg 150w, https:\/\/letzpaws.com\/wp-content\/uploads\/2024\/01\/cat-about-us-768x768.jpg 768w, https:\/\/letzpaws.com\/wp-content\/uploads\/2024\/01\/cat-about-us.jpg 1440w\" sizes=\"(max-width: 800px) 100vw, 800px\" \/>\t\t\t\t\t\t\t\t\t\t\t\t\t<\/div>\n\t\t\t\t<\/div>\n\t\t\t\t<\/div>\n\t\t<div class=\"elementor-element elementor-element-5db81031 e-con-full e-flex e-con e-child\" data-id=\"5db81031\" data-element_type=\"container\">\n\t\t\t\t<div class=\"elementor-element elementor-element-a87c34d elementor-invisible elementor-widget elementor-widget-heading\" data-id=\"a87c34d\" data-element_type=\"widget\" data-settings=\"{&quot;_animation&quot;:&quot;fadeInUp&quot;}\" data-widget_type=\"heading.default\">\n\t\t\t\t<div class=\"elementor-widget-container\">\n\t\t\t<h2 class=\"elementor-heading-title elementor-size-default\">Notre mission<span style=\"color: #F6B8A9; -webkit-text-stroke: 1px #0e333d;\">n<\/span><\/h2>\t\t<\/div>\n\t\t\t\t<\/div>\n\t\t\t\t<div class=\"elementor-element elementor-element-83eff0c elementor-widget elementor-widget-text-editor\" data-id=\"83eff0c\" data-element_type=\"widget\" data-widget_type=\"text-editor.default\">\n\t\t\t\t<div class=\"elementor-widget-container\">\n\t\t\t\t\t\t\t<p>Notre mission est de simplifier les soins aux animaux de compagnie.<\/p><p>Nous pensons que chaque animal de compagnie m\u00e9rite ce qu'il y a de mieux, et que chaque propri\u00e9taire d'animal doit pouvoir acc\u00e9der facilement et rapidement \u00e0 des services de premier ordre.<\/p><p>LetzPaws est plus qu'une application, c'est une communaut\u00e9 o\u00f9 les soins aux animaux de compagnie sont au premier plan de tout ce que nous faisons.<\/p>\t\t\t\t\t\t<\/div>\n\t\t\t\t<\/div>\n\t\t\t\t<\/div>\n\t\t\t\t\t<\/div>\n\t\t\t\t<\/div>\n\t\t<div class=\"elementor-element elementor-element-49e8956 e-flex e-con-boxed e-con e-parent\" data-id=\"49e8956\" data-element_type=\"container\" data-core-v316-plus=\"true\">\n\t\t\t\t\t<div class=\"e-con-inner\">\n\t\t<div class=\"elementor-element elementor-element-dc829f2 e-con-full e-flex e-con e-child\" data-id=\"dc829f2\" data-element_type=\"container\">\n\t\t\t\t<div class=\"elementor-element elementor-element-a4f8c5a elementor-invisible elementor-widget elementor-widget-heading\" data-id=\"a4f8c5a\" data-element_type=\"widget\" data-settings=\"{&quot;_animation&quot;:&quot;fadeInUp&quot;}\" data-widget_type=\"heading.default\">\n\t\t\t\t<div class=\"elementor-widget-container\">\n\t\t\t<h2 class=\"elementor-heading-title elementor-size-default\">Notre vision<span style=\"color: #F6B8A9; -webkit-text-stroke: 1px #0e333d;\">n<\/span><\/h2>\t\t<\/div>\n\t\t\t\t<\/div>\n\t\t\t\t<div class=\"elementor-element elementor-element-7531e37 elementor-widget elementor-widget-text-editor\" data-id=\"7531e37\" data-element_type=\"widget\" data-widget_type=\"text-editor.default\">\n\t\t\t\t<div class=\"elementor-widget-container\">\n\t\t\t\t\t\t\t<p>Nous imaginons un monde o\u00f9 la prise en charge des animaux de compagnie est transparente et sans stress.<\/p>\n<p>Notre objectif est d'\u00eatre la plateforme de r\u00e9f\u00e9rence pour les services aux animaux, en favorisant une communaut\u00e9 o\u00f9 les prestataires et les propri\u00e9taires d'animaux peuvent se connecter sans effort.<\/p>\n<p>Nous innovons en permanence pour r\u00e9pondre aux besoins en constante \u00e9volution des animaux de compagnie et de leurs propri\u00e9taires.<\/p>\t\t\t\t\t\t<\/div>\n\t\t\t\t<\/div>\n\t\t\t\t<\/div>\n\t\t<div class=\"elementor-element elementor-element-830285c e-con-full e-flex e-con e-child\" data-id=\"830285c\" data-element_type=\"container\" data-settings=\"{&quot;background_background&quot;:&quot;classic&quot;}\">\n\t\t\t\t<div class=\"elementor-element elementor-element-b402e28 elementor-widget elementor-widget-image\" data-id=\"b402e28\" data-element_type=\"widget\" data-widget_type=\"image.default\">\n\t\t\t\t<div class=\"elementor-widget-container\">\n\t\t\t\t\t\t\t\t\t\t\t\t\t<img decoding=\"async\" width=\"800\" height=\"800\" src=\"https:\/\/letzpaws.com\/wp-content\/uploads\/2024\/01\/rabbit.jpg\" class=\"attachment-large size-large wp-image-556\" alt=\"\" srcset=\"https:\/\/letzpaws.com\/wp-content\/uploads\/2024\/01\/rabbit.jpg 800w, https:\/\/letzpaws.com\/wp-content\/uploads\/2024\/01\/rabbit-300x300.jpg 300w, https:\/\/letzpaws.com\/wp-content\/uploads\/2024\/01\/rabbit-150x150.jpg 150w, https:\/\/letzpaws.com\/wp-content\/uploads\/2024\/01\/rabbit-768x768.jpg 768w\" sizes=\"(max-width: 800px) 100vw, 800px\" \/>\t\t\t\t\t\t\t\t\t\t\t\t\t<\/div>\n\t\t\t\t<\/div>\n\t\t\t\t<\/div>\n\t\t\t\t\t<\/div>\n\t\t\t\t<\/div>\n\t\t<div class=\"elementor-element elementor-element-7542694 e-flex e-con-boxed e-con e-parent\" data-id=\"7542694\" data-element_type=\"container\" data-settings=\"{&quot;background_background&quot;:&quot;classic&quot;}\" data-core-v316-plus=\"true\">\n\t\t\t\t\t<div class=\"e-con-inner\">\n\t\t<div class=\"elementor-element elementor-element-49000a7 e-con-full e-flex e-con e-child\" data-id=\"49000a7\" data-element_type=\"container\">\n\t\t\t\t<div class=\"elementor-element elementor-element-b6f6f11 elementor-widget elementor-widget-image\" data-id=\"b6f6f11\" data-element_type=\"widget\" data-widget_type=\"image.default\">\n\t\t\t\t<div class=\"elementor-widget-container\">\n\t\t\t\t\t\t\t\t\t\t\t\t\t<img loading=\"lazy\" decoding=\"async\" width=\"800\" height=\"800\" src=\"https:\/\/letzpaws.com\/wp-content\/uploads\/2024\/01\/parrot.jpg\" class=\"attachment-large size-large wp-image-555\" alt=\"\" srcset=\"https:\/\/letzpaws.com\/wp-content\/uploads\/2024\/01\/parrot.jpg 800w, https:\/\/letzpaws.com\/wp-content\/uploads\/2024\/01\/parrot-300x300.jpg 300w, https:\/\/letzpaws.com\/wp-content\/uploads\/2024\/01\/parrot-150x150.jpg 150w, https:\/\/letzpaws.com\/wp-content\/uploads\/2024\/01\/parrot-768x768.jpg 768w\" sizes=\"(max-width: 800px) 100vw, 800px\" \/>\t\t\t\t\t\t\t\t\t\t\t\t\t<\/div>\n\t\t\t\t<\/div>\n\t\t\t\t<\/div>\n\t\t<div class=\"elementor-element elementor-element-7bd38f0 e-con-full e-flex e-con e-child\" data-id=\"7bd38f0\" data-element_type=\"container\">\n\t\t\t\t<div class=\"elementor-element elementor-element-5b0df80 elementor-invisible elementor-widget elementor-widget-heading\" data-id=\"5b0df80\" data-element_type=\"widget\" data-settings=\"{&quot;_animation&quot;:&quot;fadeInUp&quot;}\" data-widget_type=\"heading.default\">\n\t\t\t\t<div class=\"elementor-widget-container\">\n\t\t\t<h2 class=\"elementor-heading-title elementor-size-default\">Notre valeur<span style=\"color: #F6B8A9; -webkit-text-stroke: 1px #0e333d;\">e<\/span><\/h2>\t\t<\/div>\n\t\t\t\t<\/div>\n\t\t\t\t<div class=\"elementor-element elementor-element-11f809c elementor-widget elementor-widget-text-editor\" data-id=\"11f809c\" data-element_type=\"widget\" data-widget_type=\"text-editor.default\">\n\t\t\t\t<div class=\"elementor-widget-container\">\n\t\t\t\t\t\t\t<p>Au c\u0153ur de LetzPaws se trouvent nos valeurs fondamentales : la compassion, la qualit\u00e9 et la fiabilit\u00e9.<\/p>\n<p>Nous sommes passionn\u00e9s par les animaux de compagnie, d\u00e9vou\u00e9s \u00e0 un service de qualit\u00e9 et engag\u00e9s \u00e0 fournir une plateforme fiable pour les propri\u00e9taires d'animaux de compagnie et les prestataires de services.<\/p>\t\t\t\t\t\t<\/div>\n\t\t\t\t<\/div>\n\t\t\t\t<\/div>\n\t\t\t\t\t<\/div>\n\t\t\t\t<\/div>\n\t\t<div class=\"elementor-element elementor-element-8e114da e-flex e-con-boxed e-con e-parent\" data-id=\"8e114da\" data-element_type=\"container\" data-settings=\"{&quot;background_background&quot;:&quot;classic&quot;}\" data-core-v316-plus=\"true\">\n\t\t\t\t\t<div class=\"e-con-inner\">\n\t\t<div class=\"elementor-element elementor-element-ed6304c e-con-full e-flex e-con e-child\" data-id=\"ed6304c\" data-element_type=\"container\">\n\t\t\t\t<div class=\"elementor-element elementor-element-5a6b047 elementor-widget elementor-widget-image\" data-id=\"5a6b047\" data-element_type=\"widget\" data-widget_type=\"image.default\">\n\t\t\t\t<div class=\"elementor-widget-container\">\n\t\t\t\t\t\t\t\t\t\t\t\t\t<img loading=\"lazy\" decoding=\"async\" width=\"800\" height=\"800\" src=\"https:\/\/letzpaws.com\/wp-content\/uploads\/2024\/01\/mouse.jpg\" class=\"attachment-large size-large wp-image-554\" alt=\"\" srcset=\"https:\/\/letzpaws.com\/wp-content\/uploads\/2024\/01\/mouse.jpg 800w, https:\/\/letzpaws.com\/wp-content\/uploads\/2024\/01\/mouse-300x300.jpg 300w, https:\/\/letzpaws.com\/wp-content\/uploads\/2024\/01\/mouse-150x150.jpg 150w, https:\/\/letzpaws.com\/wp-content\/uploads\/2024\/01\/mouse-768x768.jpg 768w\" sizes=\"(max-width: 800px) 100vw, 800px\" \/>\t\t\t\t\t\t\t\t\t\t\t\t\t<\/div>\n\t\t\t\t<\/div>\n\t\t\t\t<\/div>\n\t\t<div class=\"elementor-element elementor-element-cf0194f e-con-full e-flex e-con e-child\" data-id=\"cf0194f\" data-element_type=\"container\">\n\t\t\t\t<div class=\"elementor-element elementor-element-4ffe74b elementor-invisible elementor-widget elementor-widget-heading\" data-id=\"4ffe74b\" data-element_type=\"widget\" data-settings=\"{&quot;_animation&quot;:&quot;fadeInUp&quot;}\" data-widget_type=\"heading.default\">\n\t\t\t\t<div class=\"elementor-widget-container\">\n\t\t\t<h2 class=\"elementor-heading-title elementor-size-default\">Notre engagement en faveur de la qualit\u00e9<span style=\"color: #F6B8A9; -webkit-text-stroke: 1px #0e333d;\">y<\/span><\/h2>\t\t<\/div>\n\t\t\t\t<\/div>\n\t\t\t\t<div class=\"elementor-element elementor-element-bb30933 elementor-widget elementor-widget-text-editor\" data-id=\"bb30933\" data-element_type=\"widget\" data-widget_type=\"text-editor.default\">\n\t\t\t\t<div class=\"elementor-widget-container\">\n\t\t\t\t\t\t\t<p>La qualit\u00e9 est au c\u0153ur de LetzPaws.<\/p>\n<p>Nous contr\u00f4lons m\u00e9ticuleusement tous les prestataires de services, afin de nous assurer qu'ils r\u00e9pondent \u00e0 nos normes \u00e9lev\u00e9es.<\/p>\n<p>Notre application est con\u00e7ue pour \u00eatre facile \u00e0 utiliser sans compromettre la qualit\u00e9 du service.<\/p>\t\t\t\t\t\t<\/div>\n\t\t\t\t<\/div>\n\t\t\t\t<\/div>\n\t\t\t\t\t<\/div>\n\t\t\t\t<\/div>\n\t\t<div class=\"elementor-element elementor-element-54c834a e-flex e-con-boxed e-con e-parent\" data-id=\"54c834a\" data-element_type=\"container\" data-settings=\"{&quot;background_background&quot;:&quot;classic&quot;}\" data-core-v316-plus=\"true\">\n\t\t\t\t\t<div class=\"e-con-inner\">\n\t\t\t\t<div class=\"elementor-element elementor-element-e23f8a9 elementor-invisible elementor-widget elementor-widget-heading\" data-id=\"e23f8a9\" data-element_type=\"widget\" data-settings=\"{&quot;_animation&quot;:&quot;fadeInUp&quot;}\" data-widget_type=\"heading.default\">\n\t\t\t\t<div class=\"elementor-widget-container\">\n\t\t\t<h2 class=\"elementor-heading-title elementor-size-default\">Obtenir LetzPaws no<span style=\"color: #F6B8A9; -webkit-text-stroke: 1px #0e333d;\">w<\/span>!<\/h2>\t\t<\/div>\n\t\t\t\t<\/div>\n\t\t\t\t<div class=\"elementor-element elementor-element-7884c60 elementor-widget elementor-widget-text-editor\" data-id=\"7884c60\" data-element_type=\"widget\" data-widget_type=\"text-editor.default\">\n\t\t\t\t<div class=\"elementor-widget-container\">\n\t\t\t\t\t\t\t<p>Nous vous invitons \u00e0 nous rejoindre pour r\u00e9volutionner les soins aux animaux de compagnie. Que vous soyez propri\u00e9taire d'un animal de compagnie ou prestataire de services, LetzPaws est l\u00e0 pour vous.<\/p>\t\t\t\t\t\t<\/div>\n\t\t\t\t<\/div>\n\t\t\t\t<div class=\"elementor-element elementor-element-0a7553e elementor-widget elementor-widget-heading\" data-id=\"0a7553e\" data-element_type=\"widget\" data-widget_type=\"heading.default\">\n\t\t\t\t<div class=\"elementor-widget-container\">\n\t\t\t<h4 class=\"elementor-heading-title elementor-size-default\">T\u00e9l\u00e9charger maintenant <\/h4>\t\t<\/div>\n\t\t\t\t<\/div>\n\t\t<div class=\"elementor-element elementor-element-de4464e e-con-full e-flex e-con e-child\" data-id=\"de4464e\" data-element_type=\"container\" data-settings=\"{&quot;animation_mobile&quot;:&quot;none&quot;}\">\n\t\t<div class=\"elementor-element elementor-element-e7d28df e-con-full e-flex e-con e-child\" data-id=\"e7d28df\" data-element_type=\"container\">\n\t\t\t\t<div class=\"elementor-element elementor-element-2ff3e82 elementor-widget elementor-widget-image\" data-id=\"2ff3e82\" data-element_type=\"widget\" data-widget_type=\"image.default\">\n\t\t\t\t<div class=\"elementor-widget-container\">\n\t\t\t\t\t\t\t\t\t\t\t\t\t\t<a href=\"https:\/\/apps.apple.com\/lu\/app\/letzpaws\/id6502384090\" target=\"_blank\">\n\t\t\t\t\t\t\t<img loading=\"lazy\" decoding=\"async\" width=\"800\" height=\"238\" src=\"https:\/\/letzpaws.com\/wp-content\/uploads\/2024\/01\/iOs-store.png\" class=\"attachment-large size-large wp-image-462\" alt=\"Download LetzPaws on the App Store\" srcset=\"https:\/\/letzpaws.com\/wp-content\/uploads\/2024\/01\/iOs-store.png 810w, https:\/\/letzpaws.com\/wp-content\/uploads\/2024\/01\/iOs-store-300x89.png 300w, https:\/\/letzpaws.com\/wp-content\/uploads\/2024\/01\/iOs-store-768x229.png 768w\" sizes=\"(max-width: 800px) 100vw, 800px\" \/>\t\t\t\t\t\t\t\t<\/a>\n\t\t\t\t\t\t\t\t\t\t\t\t\t<\/div>\n\t\t\t\t<\/div>\n\t\t\t\t<\/div>\n\t\t<div class=\"elementor-element elementor-element-d34f463 e-con-full e-flex e-con e-child\" data-id=\"d34f463\" data-element_type=\"container\">\n\t\t\t\t<div class=\"elementor-element elementor-element-adcbfea elementor-widget elementor-widget-image\" data-id=\"adcbfea\" data-element_type=\"widget\" data-widget_type=\"image.default\">\n\t\t\t\t<div class=\"elementor-widget-container\">\n\t\t\t\t\t\t\t\t\t\t\t\t\t\t<a href=\"https:\/\/play.google.com\/store\/apps\/details?id=com.letzpaws.app&#038;pcampaignid=web_share\" target=\"_blank\">\n\t\t\t\t\t\t\t<img loading=\"lazy\" decoding=\"async\" width=\"800\" height=\"239\" src=\"https:\/\/letzpaws.com\/wp-content\/uploads\/2024\/01\/Google_play-store.png\" class=\"attachment-large size-large wp-image-463\" alt=\"Download LetzPaws on Google Play\" srcset=\"https:\/\/letzpaws.com\/wp-content\/uploads\/2024\/01\/Google_play-store.png 814w, https:\/\/letzpaws.com\/wp-content\/uploads\/2024\/01\/Google_play-store-300x90.png 300w, https:\/\/letzpaws.com\/wp-content\/uploads\/2024\/01\/Google_play-store-768x229.png 768w\" sizes=\"(max-width: 800px) 100vw, 800px\" \/>\t\t\t\t\t\t\t\t<\/a>\n\t\t\t\t\t\t\t\t\t\t\t\t\t<\/div>\n\t\t\t\t<\/div>\n\t\t\t\t<\/div>\n\t\t\t\t<\/div>\n\t\t<div class=\"elementor-element elementor-element-0067bca elementor-hidden-desktop elementor-hidden-tablet elementor-hidden-mobile e-flex e-con-boxed e-con e-child\" data-id=\"0067bca\" data-element_type=\"container\">\n\t\t\t\t\t<div class=\"e-con-inner\">\n\t\t<div class=\"elementor-element elementor-element-6a69d1f e-flex e-con-boxed e-con e-child\" data-id=\"6a69d1f\" data-element_type=\"container\">\n\t\t\t\t\t<div class=\"e-con-inner\">\n\t\t\t\t<div class=\"elementor-element elementor-element-f02bb94 elementor-mobile-align-center elementor-align-center elementor-invisible elementor-widget elementor-widget-button\" data-id=\"f02bb94\" data-element_type=\"widget\" data-settings=\"{&quot;_animation&quot;:&quot;fadeInDown&quot;}\" data-widget_type=\"button.default\">\n\t\t\t\t<div class=\"elementor-widget-container\">\n\t\t\t\t\t<div class=\"elementor-button-wrapper\">\n\t\t\t<a class=\"elementor-button elementor-button-link elementor-size-sm\" href=\"#elementor-action:action=popup:open&settings=eyJpZCI6Ijk4OSIsInRvZ2dsZSI6ZmFsc2V9\">\n\t\t\t\t\t\t<span class=\"elementor-button-content-wrapper\">\n\t\t\t\t\t\t<span class=\"elementor-button-text\">Rejoignez la liste d'attente !<\/span>\n\t\t<\/span>\n\t\t\t\t\t<\/a>\n\t\t<\/div>\n\t\t\t\t<\/div>\n\t\t\t\t<\/div>\n\t\t\t\t\t<\/div>\n\t\t\t\t<\/div>\n\t\t\t\t\t<\/div>\n\t\t\t\t<\/div>\n\t\t<div class=\"elementor-element elementor-element-281a8dc elementor-hidden-desktop elementor-hidden-tablet elementor-hidden-mobile e-flex e-con-boxed e-con e-child\" data-id=\"281a8dc\" data-element_type=\"container\">\n\t\t\t\t\t<div class=\"e-con-inner\">\n\t\t<div class=\"elementor-element elementor-element-d9d3c9b e-flex e-con-boxed e-con e-child\" data-id=\"d9d3c9b\" data-element_type=\"container\">\n\t\t\t\t\t<div class=\"e-con-inner\">\n\t\t\t\t<div class=\"elementor-element elementor-element-44803d6 elementor-mobile-align-center elementor-align-center elementor-invisible elementor-widget elementor-widget-button\" data-id=\"44803d6\" data-element_type=\"widget\" data-settings=\"{&quot;_animation&quot;:&quot;fadeInDown&quot;}\" data-widget_type=\"button.default\">\n\t\t\t\t<div class=\"elementor-widget-container\">\n\t\t\t\t\t<div class=\"elementor-button-wrapper\">\n\t\t\t<a class=\"elementor-button elementor-button-link elementor-size-sm\" href=\"#elementor-action:action=popup:open&settings=eyJpZCI6Ijk4OSIsInRvZ2dsZSI6ZmFsc2V9\">\n\t\t\t\t\t\t<span class=\"elementor-button-content-wrapper\">\n\t\t\t\t\t\t<span class=\"elementor-button-text\">T\u00e9l\u00e9charger maintenant<\/span>\n\t\t<\/span>\n\t\t\t\t\t<\/a>\n\t\t<\/div>\n\t\t\t\t<\/div>\n\t\t\t\t<\/div>\n\t\t\t\t\t<\/div>\n\t\t\t\t<\/div>\n\t\t<div class=\"elementor-element elementor-element-90459a7 e-con-full e-flex e-con e-child\" data-id=\"90459a7\" data-element_type=\"container\">\n\t\t\t\t<div class=\"elementor-element elementor-element-6dd226e elementor-widget elementor-widget-heading\" data-id=\"6dd226e\" data-element_type=\"widget\" data-widget_type=\"heading.default\">\n\t\t\t\t<div class=\"elementor-widget-container\">\n\t\t\t<h2 class=\"elementor-heading-title elementor-size-default\">ou<\/h2>\t\t<\/div>\n\t\t\t\t<\/div>\n\t\t\t\t<\/div>\n\t\t<div class=\"elementor-element elementor-element-c4b95c7 e-flex e-con-boxed e-con e-child\" data-id=\"c4b95c7\" data-element_type=\"container\">\n\t\t\t\t\t<div class=\"e-con-inner\">\n\t\t\t\t<div class=\"elementor-element elementor-element-0a62014 elementor-mobile-align-center elementor-align-center elementor-invisible elementor-widget elementor-widget-button\" data-id=\"0a62014\" data-element_type=\"widget\" data-settings=\"{&quot;_animation&quot;:&quot;fadeInDown&quot;}\" data-widget_type=\"button.default\">\n\t\t\t\t<div class=\"elementor-widget-container\">\n\t\t\t\t\t<div class=\"elementor-button-wrapper\">\n\t\t\t<a class=\"elementor-button elementor-button-link elementor-size-sm\" href=\"https:\/\/letzpaws.com\/fr\/join-letzpaws-revolutionize-your-pet-care-services\/\">\n\t\t\t\t\t\t<span class=\"elementor-button-content-wrapper\">\n\t\t\t\t\t\t<span class=\"elementor-button-text\">Adh\u00e9rer en tant que prestataire de services<\/span>\n\t\t<\/span>\n\t\t\t\t\t<\/a>\n\t\t<\/div>\n\t\t\t\t<\/div>\n\t\t\t\t<\/div>\n\t\t\t\t\t<\/div>\n\t\t\t\t<\/div>\n\t\t\t\t\t<\/div>\n\t\t\t\t<\/div>\n\t\t\t\t\t<\/div>\n\t\t\t\t<\/div>\n\t\t\t\t<\/div>","protected":false},"excerpt":{"rendered":"<p>Notre histoire LetzPaws est n\u00e9 d'une id\u00e9e simple : rendre les soins aux animaux de compagnie faciles et accessibles \u00e0 tous les parents d'animaux. Fond\u00e9 au Luxembourg, notre voyage a commenc\u00e9 par un amour profond pour les animaux et une vision pour connecter les propri\u00e9taires d'animaux de compagnie avec des fournisseurs de services de haute qualit\u00e9. La plateforme est guid\u00e9e par notre engagement en faveur du bien-\u00eatre des animaux de compagnie et des clients [...]<\/p>","protected":false},"author":1,"featured_media":0,"parent":0,"menu_order":2,"comment_status":"closed","ping_status":"closed","template":"elementor_header_footer","meta":{"inline_featured_image":false,"_monsterinsights_skip_tracking":false,"_monsterinsights_sitenote_active":false,"_monsterinsights_sitenote_note":"","_monsterinsights_sitenote_category":0,"footnotes":""},"class_list":["post-131","page","type-page","status-publish","hentry"],"aioseo_notices":[],"_links":{"self":[{"href":"https:\/\/letzpaws.com\/fr\/wp-json\/wp\/v2\/pages\/131","targetHints":{"allow":["GET"]}}],"collection":[{"href":"https:\/\/letzpaws.com\/fr\/wp-json\/wp\/v2\/pages"}],"about":[{"href":"https:\/\/letzpaws.com\/fr\/wp-json\/wp\/v2\/types\/page"}],"author":[{"embeddable":true,"href":"https:\/\/letzpaws.com\/fr\/wp-json\/wp\/v2\/users\/1"}],"replies":[{"embeddable":true,"href":"https:\/\/letzpaws.com\/fr\/wp-json\/wp\/v2\/comments?post=131"}],"version-history":[{"count":56,"href":"https:\/\/letzpaws.com\/fr\/wp-json\/wp\/v2\/pages\/131\/revisions"}],"predecessor-version":[{"id":2023,"href":"https:\/\/letzpaws.com\/fr\/wp-json\/wp\/v2\/pages\/131\/revisions\/2023"}],"wp:attachment":[{"href":"https:\/\/letzpaws.com\/fr\/wp-json\/wp\/v2\/media?parent=131"}],"curies":[{"name":"wp","href":"https:\/\/api.w.org\/{rel}","templated":true}]}}