{"id":803,"date":"2024-01-13T13:47:48","date_gmt":"2024-01-13T13:47:48","guid":{"rendered":"https:\/\/letzpaws.com\/?page_id=803"},"modified":"2024-01-19T12:19:30","modified_gmt":"2024-01-19T11:19:30","slug":"cookie-policy","status":"publish","type":"page","link":"https:\/\/letzpaws.com\/fr\/cookie-policy\/","title":{"rendered":"Politique en mati\u00e8re de cookies"},"content":{"rendered":"<div data-elementor-type=\"wp-page\" data-elementor-id=\"803\" class=\"elementor elementor-803\" data-elementor-post-type=\"page\">\n\t\t\t\t<div class=\"elementor-element elementor-element-5b08f58 e-flex e-con-boxed e-con e-parent\" data-id=\"5b08f58\" data-element_type=\"container\" data-core-v316-plus=\"true\">\n\t\t\t\t\t<div class=\"e-con-inner\">\n\t\t\t\t<div class=\"elementor-element elementor-element-55399bc elementor-widget elementor-widget-text-editor\" data-id=\"55399bc\" data-element_type=\"widget\" data-widget_type=\"text-editor.default\">\n\t\t\t\t<div class=\"elementor-widget-container\">\n\t\t\t<style>\/*! elementor - v3.20.0 - 11-03-2024 *\/\n.elementor-widget-text-editor.elementor-drop-cap-view-stacked .elementor-drop-cap{background-color:#69727d;color:#fff}.elementor-widget-text-editor.elementor-drop-cap-view-framed .elementor-drop-cap{color:#69727d;border:3px solid;background-color:transparent}.elementor-widget-text-editor:not(.elementor-drop-cap-view-default) .elementor-drop-cap{margin-top:8px}.elementor-widget-text-editor:not(.elementor-drop-cap-view-default) .elementor-drop-cap-letter{width:1em;height:1em}.elementor-widget-text-editor .elementor-drop-cap{float:left;text-align:center;line-height:1;font-size:50px}.elementor-widget-text-editor .elementor-drop-cap-letter{display:inline-block}<\/style>\t\t\t\t<h1>Politique en mati\u00e8re de cookies<\/h1><p>Mise \u00e0 jour au 13 janvier 2024<\/p><p>\u00a0<\/p><h2>D\u00e9finitions et termes cl\u00e9s<\/h2><p>Afin d'expliquer les choses aussi clairement que possible dans la pr\u00e9sente politique en mati\u00e8re de cookies, chaque fois que l'un de ces termes est mentionn\u00e9, il est strictement d\u00e9fini comme suit :<\/p><p>\u00a0<\/p><ul><li>Cookie : petite quantit\u00e9 de donn\u00e9es g\u00e9n\u00e9r\u00e9es par un site web et enregistr\u00e9es par votre navigateur web. Il est utilis\u00e9 pour identifier votre navigateur, fournir des analyses, m\u00e9moriser des informations vous concernant telles que votre langue pr\u00e9f\u00e9r\u00e9e ou vos informations de connexion.<\/li><li>Soci\u00e9t\u00e9 : lorsque cette politique mentionne \"Soci\u00e9t\u00e9\", \"nous\", \"notre\" ou \"nos\", elle fait r\u00e9f\u00e9rence \u00e0 LetzPaws, qui est responsable de vos informations dans le cadre de cette politique en mati\u00e8re de cookies.<\/li><li>Appareil : tout appareil connect\u00e9 \u00e0 internet tel que t\u00e9l\u00e9phone, tablette, ordinateur ou tout autre appareil pouvant \u00eatre utilis\u00e9 pour visiter LetzPaws et utiliser les services.<\/li><li>Donn\u00e9es \u00e0 caract\u00e8re personnel : toute information qui, directement, indirectement ou en relation avec d'autres informations - y compris un num\u00e9ro d'identification personnel - permet d'identifier ou de reconna\u00eetre une personne physique.<\/li><li>Service : se r\u00e9f\u00e8re au service fourni par LetzPaws tel que d\u00e9crit dans les termes relatifs (si disponibles) et sur cette plateforme.<\/li><li>Services de tiers : annonceurs, sponsors de concours, partenaires promotionnels et marketing, et autres personnes qui fournissent notre contenu ou dont nous pensons que les produits ou services peuvent vous int\u00e9resser.<\/li><li>Vous : une personne ou une entit\u00e9 qui est enregistr\u00e9e aupr\u00e8s de LetzPaws pour utiliser les services.<\/li><\/ul><p>\u00a0<\/p><p>Cette politique en mati\u00e8re de cookies a \u00e9t\u00e9 \u00e9labor\u00e9e avec <a href=\"https:\/\/termify.io\">Termifier<\/a>.<\/p><p>\u00a0<\/p><h2>Introduction<\/h2><p>Cette politique en mati\u00e8re de cookies explique comment LetzPaws et ses filiales (collectivement \" LetzPaws \", \" nous \", \" notre \" et \" nos \"), utilisent des cookies et des technologies similaires pour vous reconna\u00eetre lorsque vous visitez notre site web\/application, y compris, mais sans s'y limiter, https:\/\/letzpaws.com et toutes les URL associ\u00e9es, les versions mobiles ou localis\u00e9es et les domaines\/sous-domaines associ\u00e9s (\" Sites web \"). Il explique ce que sont ces technologies et pourquoi nous les utilisons, ainsi que les possibilit\u00e9s de les contr\u00f4ler.<\/p><p>\u00a0<\/p><h2>Qu'est-ce qu'un cookie ?<\/h2><p>Un cookie est un petit fichier texte stock\u00e9 sur votre ordinateur ou tout autre appareil connect\u00e9 \u00e0 Internet afin d'identifier votre navigateur, de fournir des analyses, de m\u00e9moriser des informations vous concernant, telles que votre langue pr\u00e9f\u00e9r\u00e9e ou vos informations de connexion. Ils sont totalement s\u00fbrs et ne peuvent pas \u00eatre utilis\u00e9s pour ex\u00e9cuter des programmes ou transmettre des virus \u00e0 votre appareil.<\/p><p>\u00a0<\/p><h2>Pourquoi utilisons-nous des cookies ?<\/h2><p>Nous utilisons des cookies de premi\u00e8re partie et\/ou de tierce partie sur notre site web\/application \u00e0 des fins diverses telles que :<\/p><p>\u00a0<\/p><ul><li>Pour faciliter le fonctionnement et la fonctionnalit\u00e9 de notre site web\/application ;<\/li><li>Pour am\u00e9liorer votre exp\u00e9rience de notre site web\/application et rendre la navigation plus rapide et plus facile ;<\/li><li>Pour nous permettre de vous offrir une exp\u00e9rience utilisateur sur mesure et de comprendre ce qui vous est utile ou vous int\u00e9resse ;<\/li><li>Analyser la fa\u00e7on dont notre site web\/application est utilis\u00e9(e) et comment nous pouvons l'adapter au mieux ;<\/li><li>Identifier les futurs prospects et personnaliser les interactions marketing et commerciales avec eux ;<\/li><li>Pour faciliter l'adaptation de la publicit\u00e9 en ligne \u00e0 vos int\u00e9r\u00eats.<\/li><\/ul><p>\u00a0<\/p><h2>Quel type de cookies LetzPaws utilise-t-il ?<\/h2><p>Les cookies peuvent \u00eatre des cookies de session ou des cookies persistants. Un cookie de session expire automatiquement lorsque vous fermez votre navigateur. Un cookie persistant reste en place jusqu'\u00e0 son expiration ou jusqu'\u00e0 ce que vous supprimiez vos cookies. Les dates d'expiration sont fix\u00e9es dans les cookies eux-m\u00eames ; certains peuvent expirer apr\u00e8s quelques minutes, d'autres apr\u00e8s plusieurs ann\u00e9es. Les cookies plac\u00e9s par le site web que vous visitez sont appel\u00e9s \"cookies de premi\u00e8re partie\".<\/p><p>\u00a0<\/p><p>Les cookies strictement n\u00e9cessaires sont indispensables au fonctionnement de notre site web\/application et ne peuvent pas \u00eatre d\u00e9sactiv\u00e9s dans nos syst\u00e8mes. Ils sont essentiels pour vous permettre de naviguer sur le site\/application et d'utiliser ses fonctions. Si vous supprimez ou d\u00e9sactivez ces cookies, nous ne pouvons pas garantir que vous pourrez utiliser notre site\/application.<\/p><p>\u00a0<\/p><p>Nous utilisons les types de cookies suivants sur notre site web\/application :<\/p><p>\u00a0<\/p><h2>Biscuits essentiels<\/h2><p>Nous utilisons des cookies essentiels pour faire fonctionner notre site web\/application. Ces cookies sont strictement n\u00e9cessaires pour permettre des fonctionnalit\u00e9s de base telles que la s\u00e9curit\u00e9, la gestion du r\u00e9seau, vos pr\u00e9f\u00e9rences en mati\u00e8re de cookies et l'accessibilit\u00e9. Sans eux, vous ne pourriez pas utiliser les services de base. Vous pouvez les d\u00e9sactiver en modifiant les param\u00e8tres de votre navigateur, mais cela peut affecter le fonctionnement des sites web.<\/p><p>\u00a0<\/p><h2>Cookies de performance et de fonctionnalit\u00e9<\/h2><p>Ces cookies sont utilis\u00e9s pour am\u00e9liorer les performances et les fonctionnalit\u00e9s de notre site web\/application, mais ne sont pas essentiels \u00e0 leur utilisation. Toutefois, sans ces cookies, certaines fonctionnalit\u00e9s telles que les vid\u00e9os peuvent devenir indisponibles ou vous devrez saisir vos donn\u00e9es de connexion \u00e0 chaque fois que vous visiterez le site\/application, car nous ne pourrons pas nous souvenir que vous vous \u00eates connect\u00e9 pr\u00e9c\u00e9demment.<\/p><p>\u00a0<\/p><h2>Cookies de marketing<\/h2><p>Ces cookies de marketing bas\u00e9s sur le compte nous permettent d'identifier de futurs prospects et de personnaliser les interactions commerciales et marketing avec eux.<\/p><p>\u00a0<\/p><h2>Cookies d'analyse et de personnalisation<\/h2><p>Ces cookies collectent des informations qui sont utilis\u00e9es pour nous aider \u00e0 comprendre comment notre site web\/application est utilis\u00e9(e) ou quelle est l'efficacit\u00e9 de nos campagnes de marketing, ou pour nous aider \u00e0 personnaliser notre site web\/application pour vous.<\/p><p>\u00a0<\/p><p>Nous utilisons des cookies servis par Google Analytics pour collecter des donn\u00e9es limit\u00e9es directement \u00e0 partir des navigateurs des utilisateurs finaux afin de nous permettre de mieux comprendre l'utilisation que vous faites de notre site web\/application. Vous trouverez de plus amples informations sur la mani\u00e8re dont Google collecte et utilise ces donn\u00e9es \u00e0 l'adresse suivante : https:\/\/www.google.com\/policies\/privacy\/partners\/. Vous pouvez d\u00e9sactiver toutes les fonctions d'analyse prises en charge par Google sur nos sites web en vous rendant \u00e0 l'adresse suivante : https:\/\/tools.google.com\/dlpage\/gaoptout.<\/p><p>\u00a0<\/p><h2>Cookies pour les m\u00e9dias sociaux<\/h2><p>Ces cookies sont utilis\u00e9s lorsque vous partagez des informations \u00e0 l'aide d'un bouton de partage des m\u00e9dias sociaux ou d'un bouton \"J'aime\" sur notre site, ou lorsque vous reliez votre compte ou participez \u00e0 notre contenu sur ou par l'interm\u00e9diaire d'un site web de r\u00e9seau social tel que Facebook, Twitter ou Google+. Le r\u00e9seau social enregistrera votre action. Ces cookies peuvent \u00e9galement inclure certains codes qui ont \u00e9t\u00e9 plac\u00e9s sur la plateforme pour aider \u00e0 suivre les conversions \u00e0 partir des publicit\u00e9s, optimiser les publicit\u00e9s sur la base des donn\u00e9es collect\u00e9es, cr\u00e9er des audiences cibl\u00e9es pour les publicit\u00e9s futures, et faire du remarketing aupr\u00e8s des utilisateurs qualifi\u00e9s qui ont d\u00e9j\u00e0 effectu\u00e9 certaines actions sur la plateforme.<\/p><p>\u00a0<\/p><h2>Cookies de tiers<\/h2><p>Certains cookies mis en place sur notre site\/application ne sont pas mis en place par LetzPaws en tant que premi\u00e8re partie. Les sites web peuvent \u00eatre int\u00e9gr\u00e9s au contenu de tierces parties pour diffuser de la publicit\u00e9. Ces fournisseurs de services tiers peuvent installer leurs propres cookies sur votre navigateur web. Les fournisseurs de services tiers contr\u00f4lent un grand nombre des cookies de performance et de fonctionnalit\u00e9, de publicit\u00e9, de marketing et d'analyse d\u00e9crits ci-dessus. Nous ne contr\u00f4lons pas l'utilisation de ces cookies de tiers, \u00e9tant donn\u00e9 que les cookies ne sont accessibles qu'au tiers qui les a cr\u00e9\u00e9s \u00e0 l'origine.<\/p><p>\u00a0<\/p><h2>Comment g\u00e9rer les cookies ?<\/h2><p>La plupart des navigateurs vous permettent de contr\u00f4ler les cookies par le biais de leurs pr\u00e9f\u00e9rences \"param\u00e8tres\". Toutefois, si vous limitez la capacit\u00e9 des sites web \u00e0 installer des cookies, vous risquez de d\u00e9t\u00e9riorer votre exp\u00e9rience globale en tant qu'utilisateur, car elle ne sera plus personnalis\u00e9e. Cela peut \u00e9galement vous emp\u00eacher de sauvegarder des param\u00e8tres personnalis\u00e9s tels que des informations de connexion. Les fabricants de navigateurs fournissent des pages d'aide relatives \u00e0 la gestion des cookies dans leurs produits.<\/p><p>\u00a0<\/p><p>Les fabricants de navigateurs proposent des pages d'aide relatives \u00e0 la gestion des cookies dans leurs produits. Voir ci-dessous pour plus d'informations.<\/p><p>\u00a0<\/p><ul><li>Google Chrome<\/li><li>Internet Explorer<\/li><li>Mozilla Firefox<\/li><li>Safari (Desktop)<\/li><li>Safari (Mobile)<\/li><li>Navigateur Android<\/li><li>Op\u00e9ra<\/li><li>Opera Mobile<\/li><\/ul><p>\u00a0<\/p><h2>Blocage et d\u00e9sactivation des cookies et des technologies similaires<\/h2><p>O\u00f9 que vous soyez, vous pouvez \u00e9galement configurer votre navigateur pour bloquer les cookies et les technologies similaires, mais cette action peut bloquer nos cookies essentiels et emp\u00eacher notre site web\/application de fonctionner correctement, et vous pourriez ne pas \u00eatre en mesure d'utiliser pleinement toutes ses fonctionnalit\u00e9s et tous ses services. Vous devez \u00e9galement savoir que vous risquez de perdre certaines informations sauvegard\u00e9es (par exemple, vos donn\u00e9es de connexion ou vos pr\u00e9f\u00e9rences) si vous bloquez les cookies sur votre navigateur. Diff\u00e9rents navigateurs mettent \u00e0 votre disposition diff\u00e9rents contr\u00f4les. La d\u00e9sactivation d'un cookie ou d'une cat\u00e9gorie de cookies ne supprime pas le cookie de votre navigateur, vous devrez le faire vous-m\u00eame \u00e0 partir de votre navigateur, vous pouvez consulter le menu d'aide de votre navigateur pour plus d'informations.<\/p><p>\u00a0<\/p><h2>Modifications de notre politique en mati\u00e8re de cookies<\/h2><p>Nous pouvons modifier nos services et nos politiques, et il se peut que nous devions apporter des modifications \u00e0 la pr\u00e9sente politique en mati\u00e8re de cookies afin qu'elle refl\u00e8te correctement nos services et nos politiques. Sauf disposition contraire de la loi, nous vous informerons (par exemple, par l'interm\u00e9diaire de notre service) avant d'apporter des modifications \u00e0 la pr\u00e9sente politique en mati\u00e8re de cookies et nous vous donnerons la possibilit\u00e9 de les examiner avant qu'elles n'entrent en vigueur. Ensuite, si vous continuez \u00e0 utiliser le service, vous serez li\u00e9 par la politique en mati\u00e8re de cookies mise \u00e0 jour. Si vous ne souhaitez pas accepter cette politique ou toute autre politique actualis\u00e9e en mati\u00e8re de cookies, vous pouvez supprimer votre compte.<\/p><p>\u00a0<\/p><h2>Votre consentement<\/h2><p>En utilisant notre site web\/application, en cr\u00e9ant un compte ou en effectuant un achat, vous consentez par la pr\u00e9sente \u00e0 notre politique en mati\u00e8re de cookies et en acceptez les termes.<\/p><p>\u00a0<\/p><h2>Nous contacter<\/h2><p>N'h\u00e9sitez pas \u00e0 nous contacter si vous avez des questions concernant notre politique en mati\u00e8re de cookies.<\/p><p>\u00a0<\/p><ul><li>Par courrier \u00e9lectronique : <span \n                data-original-string=\"2g21hnFKtaG44iIGWeIT4ocSqjlwuhtLqvBvSdVdmfI=\"\n                class=\"apbct-email-encoder\"\n                title=\"Ce contact a \u00e9t\u00e9 encod\u00e9 par Anti-Spam by CleanTalk. Cliquez pour d\u00e9coder. Pour terminer le d\u00e9codage, assurez-vous que JavaScript est activ\u00e9 dans votre navigateur.\">he***@le******.com<\/span><\/li><\/ul>\t\t\t\t\t\t<\/div>\n\t\t\t\t<\/div>\n\t\t\t\t\t<\/div>\n\t\t\t\t<\/div>\n\t\t\t\t<\/div>","protected":false},"excerpt":{"rendered":"<p>Politique en mati\u00e8re de cookies Mise \u00e0 jour le 13 janvier 2024 D\u00e9finitions et termes cl\u00e9s Afin d'expliquer les choses aussi clairement que possible dans cette politique en mati\u00e8re de cookies, chaque fois que l'un de ces termes est r\u00e9f\u00e9renc\u00e9, il est strictement d\u00e9fini comme suit :   Cookie : petite quantit\u00e9 de donn\u00e9es g\u00e9n\u00e9r\u00e9e par un site web et enregistr\u00e9e par votre navigateur web. Il est utilis\u00e9 pour [...]<\/p>","protected":false},"author":1,"featured_media":0,"parent":0,"menu_order":100,"comment_status":"closed","ping_status":"closed","template":"elementor_header_footer","meta":{"inline_featured_image":false,"_monsterinsights_skip_tracking":false,"_monsterinsights_sitenote_active":false,"_monsterinsights_sitenote_note":"","_monsterinsights_sitenote_category":0,"footnotes":""},"class_list":["post-803","page","type-page","status-publish","hentry"],"aioseo_notices":[],"_links":{"self":[{"href":"https:\/\/letzpaws.com\/fr\/wp-json\/wp\/v2\/pages\/803","targetHints":{"allow":["GET"]}}],"collection":[{"href":"https:\/\/letzpaws.com\/fr\/wp-json\/wp\/v2\/pages"}],"about":[{"href":"https:\/\/letzpaws.com\/fr\/wp-json\/wp\/v2\/types\/page"}],"author":[{"embeddable":true,"href":"https:\/\/letzpaws.com\/fr\/wp-json\/wp\/v2\/users\/1"}],"replies":[{"embeddable":true,"href":"https:\/\/letzpaws.com\/fr\/wp-json\/wp\/v2\/comments?post=803"}],"version-history":[{"count":4,"href":"https:\/\/letzpaws.com\/fr\/wp-json\/wp\/v2\/pages\/803\/revisions"}],"predecessor-version":[{"id":807,"href":"https:\/\/letzpaws.com\/fr\/wp-json\/wp\/v2\/pages\/803\/revisions\/807"}],"wp:attachment":[{"href":"https:\/\/letzpaws.com\/fr\/wp-json\/wp\/v2\/media?parent=803"}],"curies":[{"name":"wp","href":"https:\/\/api.w.org\/{rel}","templated":true}]}}