{"id":131,"date":"2024-01-23T05:59:07","date_gmt":"2024-01-23T04:59:07","guid":{"rendered":"https:\/\/fluentthemes.com\/wp\/appeasy\/app-demo-one\/?page_id=2"},"modified":"2024-07-16T23:58:06","modified_gmt":"2024-07-16T21:58:06","slug":"about-us","status":"publish","type":"page","link":"https:\/\/letzpaws.com\/pt\/about-us\/","title":{"rendered":"Sobre n\u00f3s"},"content":{"rendered":"<div data-elementor-type=\"wp-page\" data-elementor-id=\"131\" class=\"elementor elementor-131\" data-elementor-post-type=\"page\">\n\t\t\t\t<div class=\"elementor-element elementor-element-5105e403 e-flex e-con-boxed e-con e-parent\" data-id=\"5105e403\" data-element_type=\"container\" data-core-v316-plus=\"true\">\n\t\t\t\t\t<div class=\"e-con-inner\">\n\t\t<div class=\"elementor-element elementor-element-7a681eb6 e-con-full e-flex e-con e-child\" data-id=\"7a681eb6\" data-element_type=\"container\">\n\t\t\t\t<div class=\"elementor-element elementor-element-d059ad7 elementor-invisible elementor-widget elementor-widget-heading\" data-id=\"d059ad7\" data-element_type=\"widget\" data-settings=\"{&quot;_animation&quot;:&quot;fadeInUp&quot;}\" data-widget_type=\"heading.default\">\n\t\t\t\t<div class=\"elementor-widget-container\">\n\t\t\t<style>\/*! elementor - v3.20.0 - 11-03-2024 *\/\n.elementor-heading-title{padding:0;margin:0;line-height:1}.elementor-widget-heading .elementor-heading-title[class*=elementor-size-]>a{color:inherit;font-size:inherit;line-height:inherit}.elementor-widget-heading .elementor-heading-title.elementor-size-small{font-size:15px}.elementor-widget-heading .elementor-heading-title.elementor-size-medium{font-size:19px}.elementor-widget-heading .elementor-heading-title.elementor-size-large{font-size:29px}.elementor-widget-heading .elementor-heading-title.elementor-size-xl{font-size:39px}.elementor-widget-heading .elementor-heading-title.elementor-size-xxl{font-size:59px}<\/style><h2 class=\"elementor-heading-title elementor-size-default\">A nossa hist\u00f3ria<span style=\"color: #F6B8A9; -webkit-text-stroke: 1px #0e333d;\">y<\/span><\/h2>\t\t<\/div>\n\t\t\t\t<\/div>\n\t\t\t\t<div class=\"elementor-element elementor-element-4086c9ec elementor-widget elementor-widget-text-editor\" data-id=\"4086c9ec\" data-element_type=\"widget\" data-widget_type=\"text-editor.default\">\n\t\t\t\t<div class=\"elementor-widget-container\">\n\t\t\t<style>\/*! elementor - v3.20.0 - 11-03-2024 *\/\n.elementor-widget-text-editor.elementor-drop-cap-view-stacked .elementor-drop-cap{background-color:#69727d;color:#fff}.elementor-widget-text-editor.elementor-drop-cap-view-framed .elementor-drop-cap{color:#69727d;border:3px solid;background-color:transparent}.elementor-widget-text-editor:not(.elementor-drop-cap-view-default) .elementor-drop-cap{margin-top:8px}.elementor-widget-text-editor:not(.elementor-drop-cap-view-default) .elementor-drop-cap-letter{width:1em;height:1em}.elementor-widget-text-editor .elementor-drop-cap{float:left;text-align:center;line-height:1;font-size:50px}.elementor-widget-text-editor .elementor-drop-cap-letter{display:inline-block}<\/style>\t\t\t\t<p>A LetzPaws come\u00e7ou com uma ideia simples - tornar os cuidados com os animais de estima\u00e7\u00e3o f\u00e1ceis e acess\u00edveis a todos os pais de animais de estima\u00e7\u00e3o.<\/p><p>Fundada no Luxemburgo, a nossa viagem come\u00e7ou com um profundo amor pelos animais e uma vis\u00e3o para ligar os donos de animais de estima\u00e7\u00e3o a prestadores de servi\u00e7os de alta qualidade.<\/p><p>A plataforma \u00e9 impulsionada pelo nosso compromisso com o bem-estar dos animais de estima\u00e7\u00e3o e a satisfa\u00e7\u00e3o do cliente.<\/p>\t\t\t\t\t\t<\/div>\n\t\t\t\t<\/div>\n\t\t\t\t<\/div>\n\t\t<div class=\"elementor-element elementor-element-1565b4cc e-con-full e-flex e-con e-child\" data-id=\"1565b4cc\" data-element_type=\"container\" data-settings=\"{&quot;background_background&quot;:&quot;classic&quot;}\">\n\t\t\t\t<div class=\"elementor-element elementor-element-7acf2e81 elementor-widget elementor-widget-image\" data-id=\"7acf2e81\" data-element_type=\"widget\" data-widget_type=\"image.default\">\n\t\t\t\t<div class=\"elementor-widget-container\">\n\t\t\t<style>\/*! elementor - v3.20.0 - 11-03-2024 *\/\n.elementor-widget-image{text-align:center}.elementor-widget-image a{display:inline-block}.elementor-widget-image a img[src$=\".svg\"]{width:48px}.elementor-widget-image img{vertical-align:middle;display:inline-block}<\/style>\t\t\t\t\t\t\t\t\t\t<img fetchpriority=\"high\" decoding=\"async\" width=\"800\" height=\"799\" src=\"https:\/\/letzpaws.com\/wp-content\/uploads\/2024\/01\/blue.jpg\" class=\"attachment-large size-large wp-image-823\" alt=\"\" srcset=\"https:\/\/letzpaws.com\/wp-content\/uploads\/2024\/01\/blue.jpg 1000w, https:\/\/letzpaws.com\/wp-content\/uploads\/2024\/01\/blue-300x300.jpg 300w, https:\/\/letzpaws.com\/wp-content\/uploads\/2024\/01\/blue-150x150.jpg 150w, https:\/\/letzpaws.com\/wp-content\/uploads\/2024\/01\/blue-768x767.jpg 768w\" sizes=\"(max-width: 800px) 100vw, 800px\" \/>\t\t\t\t\t\t\t\t\t\t\t\t\t<\/div>\n\t\t\t\t<\/div>\n\t\t\t\t<\/div>\n\t\t\t\t\t<\/div>\n\t\t\t\t<\/div>\n\t\t<div class=\"elementor-element elementor-element-58310d63 e-flex e-con-boxed e-con e-parent\" data-id=\"58310d63\" data-element_type=\"container\" data-settings=\"{&quot;background_background&quot;:&quot;classic&quot;}\" data-core-v316-plus=\"true\">\n\t\t\t\t\t<div class=\"e-con-inner\">\n\t\t<div class=\"elementor-element elementor-element-7bd5a004 e-con-full e-flex e-con e-child\" data-id=\"7bd5a004\" data-element_type=\"container\">\n\t\t\t\t<div class=\"elementor-element elementor-element-36c34376 elementor-widget elementor-widget-image\" data-id=\"36c34376\" data-element_type=\"widget\" data-widget_type=\"image.default\">\n\t\t\t\t<div class=\"elementor-widget-container\">\n\t\t\t\t\t\t\t\t\t\t\t\t\t<img decoding=\"async\" width=\"800\" height=\"800\" src=\"https:\/\/letzpaws.com\/wp-content\/uploads\/2024\/01\/cat-about-us-1024x1024.jpg\" class=\"attachment-large size-large wp-image-834\" alt=\"\" srcset=\"https:\/\/letzpaws.com\/wp-content\/uploads\/2024\/01\/cat-about-us-1024x1024.jpg 1024w, https:\/\/letzpaws.com\/wp-content\/uploads\/2024\/01\/cat-about-us-300x300.jpg 300w, https:\/\/letzpaws.com\/wp-content\/uploads\/2024\/01\/cat-about-us-150x150.jpg 150w, https:\/\/letzpaws.com\/wp-content\/uploads\/2024\/01\/cat-about-us-768x768.jpg 768w, https:\/\/letzpaws.com\/wp-content\/uploads\/2024\/01\/cat-about-us.jpg 1440w\" sizes=\"(max-width: 800px) 100vw, 800px\" \/>\t\t\t\t\t\t\t\t\t\t\t\t\t<\/div>\n\t\t\t\t<\/div>\n\t\t\t\t<\/div>\n\t\t<div class=\"elementor-element elementor-element-5db81031 e-con-full e-flex e-con e-child\" data-id=\"5db81031\" data-element_type=\"container\">\n\t\t\t\t<div class=\"elementor-element elementor-element-a87c34d elementor-invisible elementor-widget elementor-widget-heading\" data-id=\"a87c34d\" data-element_type=\"widget\" data-settings=\"{&quot;_animation&quot;:&quot;fadeInUp&quot;}\" data-widget_type=\"heading.default\">\n\t\t\t\t<div class=\"elementor-widget-container\">\n\t\t\t<h2 class=\"elementor-heading-title elementor-size-default\">A nossa miss\u00e3o<span style=\"color: #F6B8A9; -webkit-text-stroke: 1px #0e333d;\">n<\/span><\/h2>\t\t<\/div>\n\t\t\t\t<\/div>\n\t\t\t\t<div class=\"elementor-element elementor-element-83eff0c elementor-widget elementor-widget-text-editor\" data-id=\"83eff0c\" data-element_type=\"widget\" data-widget_type=\"text-editor.default\">\n\t\t\t\t<div class=\"elementor-widget-container\">\n\t\t\t\t\t\t\t<p>A nossa miss\u00e3o \u00e9 simplificar os cuidados com os animais de estima\u00e7\u00e3o.<\/p><p>Acreditamos que todos os animais de estima\u00e7\u00e3o merecem o melhor e que todos os donos de animais de estima\u00e7\u00e3o devem ter acesso f\u00e1cil e r\u00e1pido a servi\u00e7os de topo.<\/p><p>O LetzPaws \u00e9 mais do que uma aplica\u00e7\u00e3o; \u00e9 uma comunidade onde os cuidados com os animais de estima\u00e7\u00e3o est\u00e3o na vanguarda de tudo o que fazemos.<\/p>\t\t\t\t\t\t<\/div>\n\t\t\t\t<\/div>\n\t\t\t\t<\/div>\n\t\t\t\t\t<\/div>\n\t\t\t\t<\/div>\n\t\t<div class=\"elementor-element elementor-element-49e8956 e-flex e-con-boxed e-con e-parent\" data-id=\"49e8956\" data-element_type=\"container\" data-core-v316-plus=\"true\">\n\t\t\t\t\t<div class=\"e-con-inner\">\n\t\t<div class=\"elementor-element elementor-element-dc829f2 e-con-full e-flex e-con e-child\" data-id=\"dc829f2\" data-element_type=\"container\">\n\t\t\t\t<div class=\"elementor-element elementor-element-a4f8c5a elementor-invisible elementor-widget elementor-widget-heading\" data-id=\"a4f8c5a\" data-element_type=\"widget\" data-settings=\"{&quot;_animation&quot;:&quot;fadeInUp&quot;}\" data-widget_type=\"heading.default\">\n\t\t\t\t<div class=\"elementor-widget-container\">\n\t\t\t<h2 class=\"elementor-heading-title elementor-size-default\">A nossa vis\u00e3o<span style=\"color: #F6B8A9; -webkit-text-stroke: 1px #0e333d;\">n<\/span><\/h2>\t\t<\/div>\n\t\t\t\t<\/div>\n\t\t\t\t<div class=\"elementor-element elementor-element-7531e37 elementor-widget elementor-widget-text-editor\" data-id=\"7531e37\" data-element_type=\"widget\" data-widget_type=\"text-editor.default\">\n\t\t\t\t<div class=\"elementor-widget-container\">\n\t\t\t\t\t\t\t<p>Imaginamos um mundo onde os cuidados com os animais de estima\u00e7\u00e3o s\u00e3o perfeitos e sem stress.<\/p>\n<p>O nosso objetivo \u00e9 ser a plataforma de refer\u00eancia para os servi\u00e7os para animais de companhia, promovendo uma comunidade onde os fornecedores e os donos de animais de companhia podem estabelecer liga\u00e7\u00f5es sem esfor\u00e7o.<\/p>\n<p>Estamos continuamente a inovar para satisfazer as necessidades em evolu\u00e7\u00e3o dos animais de companhia e dos seus donos.<\/p>\t\t\t\t\t\t<\/div>\n\t\t\t\t<\/div>\n\t\t\t\t<\/div>\n\t\t<div class=\"elementor-element elementor-element-830285c e-con-full e-flex e-con e-child\" data-id=\"830285c\" data-element_type=\"container\" data-settings=\"{&quot;background_background&quot;:&quot;classic&quot;}\">\n\t\t\t\t<div class=\"elementor-element elementor-element-b402e28 elementor-widget elementor-widget-image\" data-id=\"b402e28\" data-element_type=\"widget\" data-widget_type=\"image.default\">\n\t\t\t\t<div class=\"elementor-widget-container\">\n\t\t\t\t\t\t\t\t\t\t\t\t\t<img decoding=\"async\" width=\"800\" height=\"800\" src=\"https:\/\/letzpaws.com\/wp-content\/uploads\/2024\/01\/rabbit.jpg\" class=\"attachment-large size-large wp-image-556\" alt=\"\" srcset=\"https:\/\/letzpaws.com\/wp-content\/uploads\/2024\/01\/rabbit.jpg 800w, https:\/\/letzpaws.com\/wp-content\/uploads\/2024\/01\/rabbit-300x300.jpg 300w, https:\/\/letzpaws.com\/wp-content\/uploads\/2024\/01\/rabbit-150x150.jpg 150w, https:\/\/letzpaws.com\/wp-content\/uploads\/2024\/01\/rabbit-768x768.jpg 768w\" sizes=\"(max-width: 800px) 100vw, 800px\" \/>\t\t\t\t\t\t\t\t\t\t\t\t\t<\/div>\n\t\t\t\t<\/div>\n\t\t\t\t<\/div>\n\t\t\t\t\t<\/div>\n\t\t\t\t<\/div>\n\t\t<div class=\"elementor-element elementor-element-7542694 e-flex e-con-boxed e-con e-parent\" data-id=\"7542694\" data-element_type=\"container\" data-settings=\"{&quot;background_background&quot;:&quot;classic&quot;}\" data-core-v316-plus=\"true\">\n\t\t\t\t\t<div class=\"e-con-inner\">\n\t\t<div class=\"elementor-element elementor-element-49000a7 e-con-full e-flex e-con e-child\" data-id=\"49000a7\" data-element_type=\"container\">\n\t\t\t\t<div class=\"elementor-element elementor-element-b6f6f11 elementor-widget elementor-widget-image\" data-id=\"b6f6f11\" data-element_type=\"widget\" data-widget_type=\"image.default\">\n\t\t\t\t<div class=\"elementor-widget-container\">\n\t\t\t\t\t\t\t\t\t\t\t\t\t<img loading=\"lazy\" decoding=\"async\" width=\"800\" height=\"800\" src=\"https:\/\/letzpaws.com\/wp-content\/uploads\/2024\/01\/parrot.jpg\" class=\"attachment-large size-large wp-image-555\" alt=\"\" srcset=\"https:\/\/letzpaws.com\/wp-content\/uploads\/2024\/01\/parrot.jpg 800w, https:\/\/letzpaws.com\/wp-content\/uploads\/2024\/01\/parrot-300x300.jpg 300w, https:\/\/letzpaws.com\/wp-content\/uploads\/2024\/01\/parrot-150x150.jpg 150w, https:\/\/letzpaws.com\/wp-content\/uploads\/2024\/01\/parrot-768x768.jpg 768w\" sizes=\"(max-width: 800px) 100vw, 800px\" \/>\t\t\t\t\t\t\t\t\t\t\t\t\t<\/div>\n\t\t\t\t<\/div>\n\t\t\t\t<\/div>\n\t\t<div class=\"elementor-element elementor-element-7bd38f0 e-con-full e-flex e-con e-child\" data-id=\"7bd38f0\" data-element_type=\"container\">\n\t\t\t\t<div class=\"elementor-element elementor-element-5b0df80 elementor-invisible elementor-widget elementor-widget-heading\" data-id=\"5b0df80\" data-element_type=\"widget\" data-settings=\"{&quot;_animation&quot;:&quot;fadeInUp&quot;}\" data-widget_type=\"heading.default\">\n\t\t\t\t<div class=\"elementor-widget-container\">\n\t\t\t<h2 class=\"elementor-heading-title elementor-size-default\">O nosso valor<span style=\"color: #F6B8A9; -webkit-text-stroke: 1px #0e333d;\">s<\/span><\/h2>\t\t<\/div>\n\t\t\t\t<\/div>\n\t\t\t\t<div class=\"elementor-element elementor-element-11f809c elementor-widget elementor-widget-text-editor\" data-id=\"11f809c\" data-element_type=\"widget\" data-widget_type=\"text-editor.default\">\n\t\t\t\t<div class=\"elementor-widget-container\">\n\t\t\t\t\t\t\t<p>No cora\u00e7\u00e3o da LetzPaws est\u00e3o os nossos valores fundamentais: compaix\u00e3o, qualidade e fiabilidade.<\/p>\n<p>Somos apaixonados por animais de estima\u00e7\u00e3o, dedicados a um servi\u00e7o de qualidade e empenhados em fornecer uma plataforma fi\u00e1vel tanto para os donos de animais como para os prestadores de servi\u00e7os.<\/p>\t\t\t\t\t\t<\/div>\n\t\t\t\t<\/div>\n\t\t\t\t<\/div>\n\t\t\t\t\t<\/div>\n\t\t\t\t<\/div>\n\t\t<div class=\"elementor-element elementor-element-8e114da e-flex e-con-boxed e-con e-parent\" data-id=\"8e114da\" data-element_type=\"container\" data-settings=\"{&quot;background_background&quot;:&quot;classic&quot;}\" data-core-v316-plus=\"true\">\n\t\t\t\t\t<div class=\"e-con-inner\">\n\t\t<div class=\"elementor-element elementor-element-ed6304c e-con-full e-flex e-con e-child\" data-id=\"ed6304c\" data-element_type=\"container\">\n\t\t\t\t<div class=\"elementor-element elementor-element-5a6b047 elementor-widget elementor-widget-image\" data-id=\"5a6b047\" data-element_type=\"widget\" data-widget_type=\"image.default\">\n\t\t\t\t<div class=\"elementor-widget-container\">\n\t\t\t\t\t\t\t\t\t\t\t\t\t<img loading=\"lazy\" decoding=\"async\" width=\"800\" height=\"800\" src=\"https:\/\/letzpaws.com\/wp-content\/uploads\/2024\/01\/mouse.jpg\" class=\"attachment-large size-large wp-image-554\" alt=\"\" srcset=\"https:\/\/letzpaws.com\/wp-content\/uploads\/2024\/01\/mouse.jpg 800w, https:\/\/letzpaws.com\/wp-content\/uploads\/2024\/01\/mouse-300x300.jpg 300w, https:\/\/letzpaws.com\/wp-content\/uploads\/2024\/01\/mouse-150x150.jpg 150w, https:\/\/letzpaws.com\/wp-content\/uploads\/2024\/01\/mouse-768x768.jpg 768w\" sizes=\"(max-width: 800px) 100vw, 800px\" \/>\t\t\t\t\t\t\t\t\t\t\t\t\t<\/div>\n\t\t\t\t<\/div>\n\t\t\t\t<\/div>\n\t\t<div class=\"elementor-element elementor-element-cf0194f e-con-full e-flex e-con e-child\" data-id=\"cf0194f\" data-element_type=\"container\">\n\t\t\t\t<div class=\"elementor-element elementor-element-4ffe74b elementor-invisible elementor-widget elementor-widget-heading\" data-id=\"4ffe74b\" data-element_type=\"widget\" data-settings=\"{&quot;_animation&quot;:&quot;fadeInUp&quot;}\" data-widget_type=\"heading.default\">\n\t\t\t\t<div class=\"elementor-widget-container\">\n\t\t\t<h2 class=\"elementor-heading-title elementor-size-default\">O nosso compromisso com a qualidade<span style=\"color: #F6B8A9; -webkit-text-stroke: 1px #0e333d;\">y<\/span><\/h2>\t\t<\/div>\n\t\t\t\t<\/div>\n\t\t\t\t<div class=\"elementor-element elementor-element-bb30933 elementor-widget elementor-widget-text-editor\" data-id=\"bb30933\" data-element_type=\"widget\" data-widget_type=\"text-editor.default\">\n\t\t\t\t<div class=\"elementor-widget-container\">\n\t\t\t\t\t\t\t<p>A qualidade est\u00e1 no centro da LetzPaws.<\/p>\n<p>Examinamos meticulosamente todos os prestadores de servi\u00e7os, garantindo que cumprem os nossos elevados padr\u00f5es.<\/p>\n<p>A nossa aplica\u00e7\u00e3o foi concebida para ser f\u00e1cil de utilizar sem comprometer a qualidade do servi\u00e7o.<\/p>\t\t\t\t\t\t<\/div>\n\t\t\t\t<\/div>\n\t\t\t\t<\/div>\n\t\t\t\t\t<\/div>\n\t\t\t\t<\/div>\n\t\t<div class=\"elementor-element elementor-element-54c834a e-flex e-con-boxed e-con e-parent\" data-id=\"54c834a\" data-element_type=\"container\" data-settings=\"{&quot;background_background&quot;:&quot;classic&quot;}\" data-core-v316-plus=\"true\">\n\t\t\t\t\t<div class=\"e-con-inner\">\n\t\t\t\t<div class=\"elementor-element elementor-element-e23f8a9 elementor-invisible elementor-widget elementor-widget-heading\" data-id=\"e23f8a9\" data-element_type=\"widget\" data-settings=\"{&quot;_animation&quot;:&quot;fadeInUp&quot;}\" data-widget_type=\"heading.default\">\n\t\t\t\t<div class=\"elementor-widget-container\">\n\t\t\t<h2 class=\"elementor-heading-title elementor-size-default\">Obter LetzPaws no<span style=\"color: #F6B8A9; -webkit-text-stroke: 1px #0e333d;\">w<\/span>!<\/h2>\t\t<\/div>\n\t\t\t\t<\/div>\n\t\t\t\t<div class=\"elementor-element elementor-element-7884c60 elementor-widget elementor-widget-text-editor\" data-id=\"7884c60\" data-element_type=\"widget\" data-widget_type=\"text-editor.default\">\n\t\t\t\t<div class=\"elementor-widget-container\">\n\t\t\t\t\t\t\t<p>Convidamo-lo a juntar-se a n\u00f3s para revolucionar os cuidados com os animais de estima\u00e7\u00e3o. Quer seja propriet\u00e1rio de um animal de estima\u00e7\u00e3o ou um prestador de servi\u00e7os, o LetzPaws est\u00e1 aqui para si.<\/p>\t\t\t\t\t\t<\/div>\n\t\t\t\t<\/div>\n\t\t\t\t<div class=\"elementor-element elementor-element-0a7553e elementor-widget elementor-widget-heading\" data-id=\"0a7553e\" data-element_type=\"widget\" data-widget_type=\"heading.default\">\n\t\t\t\t<div class=\"elementor-widget-container\">\n\t\t\t<h4 class=\"elementor-heading-title elementor-size-default\">Descarregar agora <\/h4>\t\t<\/div>\n\t\t\t\t<\/div>\n\t\t<div class=\"elementor-element elementor-element-de4464e e-con-full e-flex e-con e-child\" data-id=\"de4464e\" data-element_type=\"container\" data-settings=\"{&quot;animation_mobile&quot;:&quot;none&quot;}\">\n\t\t<div class=\"elementor-element elementor-element-e7d28df e-con-full e-flex e-con e-child\" data-id=\"e7d28df\" data-element_type=\"container\">\n\t\t\t\t<div class=\"elementor-element elementor-element-2ff3e82 elementor-widget elementor-widget-image\" data-id=\"2ff3e82\" data-element_type=\"widget\" data-widget_type=\"image.default\">\n\t\t\t\t<div class=\"elementor-widget-container\">\n\t\t\t\t\t\t\t\t\t\t\t\t\t\t<a href=\"https:\/\/apps.apple.com\/lu\/app\/letzpaws\/id6502384090\" target=\"_blank\">\n\t\t\t\t\t\t\t<img loading=\"lazy\" decoding=\"async\" width=\"800\" height=\"238\" src=\"https:\/\/letzpaws.com\/wp-content\/uploads\/2024\/01\/iOs-store.png\" class=\"attachment-large size-large wp-image-462\" alt=\"Download LetzPaws on the App Store\" srcset=\"https:\/\/letzpaws.com\/wp-content\/uploads\/2024\/01\/iOs-store.png 810w, https:\/\/letzpaws.com\/wp-content\/uploads\/2024\/01\/iOs-store-300x89.png 300w, https:\/\/letzpaws.com\/wp-content\/uploads\/2024\/01\/iOs-store-768x229.png 768w\" sizes=\"(max-width: 800px) 100vw, 800px\" \/>\t\t\t\t\t\t\t\t<\/a>\n\t\t\t\t\t\t\t\t\t\t\t\t\t<\/div>\n\t\t\t\t<\/div>\n\t\t\t\t<\/div>\n\t\t<div class=\"elementor-element elementor-element-d34f463 e-con-full e-flex e-con e-child\" data-id=\"d34f463\" data-element_type=\"container\">\n\t\t\t\t<div class=\"elementor-element elementor-element-adcbfea elementor-widget elementor-widget-image\" data-id=\"adcbfea\" data-element_type=\"widget\" data-widget_type=\"image.default\">\n\t\t\t\t<div class=\"elementor-widget-container\">\n\t\t\t\t\t\t\t\t\t\t\t\t\t\t<a href=\"https:\/\/play.google.com\/store\/apps\/details?id=com.letzpaws.app&#038;pcampaignid=web_share\" target=\"_blank\">\n\t\t\t\t\t\t\t<img loading=\"lazy\" decoding=\"async\" width=\"800\" height=\"239\" src=\"https:\/\/letzpaws.com\/wp-content\/uploads\/2024\/01\/Google_play-store.png\" class=\"attachment-large size-large wp-image-463\" alt=\"Download LetzPaws on Google Play\" srcset=\"https:\/\/letzpaws.com\/wp-content\/uploads\/2024\/01\/Google_play-store.png 814w, https:\/\/letzpaws.com\/wp-content\/uploads\/2024\/01\/Google_play-store-300x90.png 300w, https:\/\/letzpaws.com\/wp-content\/uploads\/2024\/01\/Google_play-store-768x229.png 768w\" sizes=\"(max-width: 800px) 100vw, 800px\" \/>\t\t\t\t\t\t\t\t<\/a>\n\t\t\t\t\t\t\t\t\t\t\t\t\t<\/div>\n\t\t\t\t<\/div>\n\t\t\t\t<\/div>\n\t\t\t\t<\/div>\n\t\t<div class=\"elementor-element elementor-element-0067bca elementor-hidden-desktop elementor-hidden-tablet elementor-hidden-mobile e-flex e-con-boxed e-con e-child\" data-id=\"0067bca\" data-element_type=\"container\">\n\t\t\t\t\t<div class=\"e-con-inner\">\n\t\t<div class=\"elementor-element elementor-element-6a69d1f e-flex e-con-boxed e-con e-child\" data-id=\"6a69d1f\" data-element_type=\"container\">\n\t\t\t\t\t<div class=\"e-con-inner\">\n\t\t\t\t<div class=\"elementor-element elementor-element-f02bb94 elementor-mobile-align-center elementor-align-center elementor-invisible elementor-widget elementor-widget-button\" data-id=\"f02bb94\" data-element_type=\"widget\" data-settings=\"{&quot;_animation&quot;:&quot;fadeInDown&quot;}\" data-widget_type=\"button.default\">\n\t\t\t\t<div class=\"elementor-widget-container\">\n\t\t\t\t\t<div class=\"elementor-button-wrapper\">\n\t\t\t<a class=\"elementor-button elementor-button-link elementor-size-sm\" href=\"#elementor-action:action=popup:open&settings=eyJpZCI6Ijk4OSIsInRvZ2dsZSI6ZmFsc2V9\">\n\t\t\t\t\t\t<span class=\"elementor-button-content-wrapper\">\n\t\t\t\t\t\t<span class=\"elementor-button-text\">Junte-se \u00e0 lista de espera!<\/span>\n\t\t<\/span>\n\t\t\t\t\t<\/a>\n\t\t<\/div>\n\t\t\t\t<\/div>\n\t\t\t\t<\/div>\n\t\t\t\t\t<\/div>\n\t\t\t\t<\/div>\n\t\t\t\t\t<\/div>\n\t\t\t\t<\/div>\n\t\t<div class=\"elementor-element elementor-element-281a8dc elementor-hidden-desktop elementor-hidden-tablet elementor-hidden-mobile e-flex e-con-boxed e-con e-child\" data-id=\"281a8dc\" data-element_type=\"container\">\n\t\t\t\t\t<div class=\"e-con-inner\">\n\t\t<div class=\"elementor-element elementor-element-d9d3c9b e-flex e-con-boxed e-con e-child\" data-id=\"d9d3c9b\" data-element_type=\"container\">\n\t\t\t\t\t<div class=\"e-con-inner\">\n\t\t\t\t<div class=\"elementor-element elementor-element-44803d6 elementor-mobile-align-center elementor-align-center elementor-invisible elementor-widget elementor-widget-button\" data-id=\"44803d6\" data-element_type=\"widget\" data-settings=\"{&quot;_animation&quot;:&quot;fadeInDown&quot;}\" data-widget_type=\"button.default\">\n\t\t\t\t<div class=\"elementor-widget-container\">\n\t\t\t\t\t<div class=\"elementor-button-wrapper\">\n\t\t\t<a class=\"elementor-button elementor-button-link elementor-size-sm\" href=\"#elementor-action:action=popup:open&settings=eyJpZCI6Ijk4OSIsInRvZ2dsZSI6ZmFsc2V9\">\n\t\t\t\t\t\t<span class=\"elementor-button-content-wrapper\">\n\t\t\t\t\t\t<span class=\"elementor-button-text\">Descarregar agora<\/span>\n\t\t<\/span>\n\t\t\t\t\t<\/a>\n\t\t<\/div>\n\t\t\t\t<\/div>\n\t\t\t\t<\/div>\n\t\t\t\t\t<\/div>\n\t\t\t\t<\/div>\n\t\t<div class=\"elementor-element elementor-element-90459a7 e-con-full e-flex e-con e-child\" data-id=\"90459a7\" data-element_type=\"container\">\n\t\t\t\t<div class=\"elementor-element elementor-element-6dd226e elementor-widget elementor-widget-heading\" data-id=\"6dd226e\" data-element_type=\"widget\" data-widget_type=\"heading.default\">\n\t\t\t\t<div class=\"elementor-widget-container\">\n\t\t\t<h2 class=\"elementor-heading-title elementor-size-default\">ou<\/h2>\t\t<\/div>\n\t\t\t\t<\/div>\n\t\t\t\t<\/div>\n\t\t<div class=\"elementor-element elementor-element-c4b95c7 e-flex e-con-boxed e-con e-child\" data-id=\"c4b95c7\" data-element_type=\"container\">\n\t\t\t\t\t<div class=\"e-con-inner\">\n\t\t\t\t<div class=\"elementor-element elementor-element-0a62014 elementor-mobile-align-center elementor-align-center elementor-invisible elementor-widget elementor-widget-button\" data-id=\"0a62014\" data-element_type=\"widget\" data-settings=\"{&quot;_animation&quot;:&quot;fadeInDown&quot;}\" data-widget_type=\"button.default\">\n\t\t\t\t<div class=\"elementor-widget-container\">\n\t\t\t\t\t<div class=\"elementor-button-wrapper\">\n\t\t\t<a class=\"elementor-button elementor-button-link elementor-size-sm\" href=\"https:\/\/letzpaws.com\/pt\/join-letzpaws-revolutionize-your-pet-care-services\/\">\n\t\t\t\t\t\t<span class=\"elementor-button-content-wrapper\">\n\t\t\t\t\t\t<span class=\"elementor-button-text\">Aderir como prestador de servi\u00e7os<\/span>\n\t\t<\/span>\n\t\t\t\t\t<\/a>\n\t\t<\/div>\n\t\t\t\t<\/div>\n\t\t\t\t<\/div>\n\t\t\t\t\t<\/div>\n\t\t\t\t<\/div>\n\t\t\t\t\t<\/div>\n\t\t\t\t<\/div>\n\t\t\t\t\t<\/div>\n\t\t\t\t<\/div>\n\t\t\t\t<\/div>","protected":false},"excerpt":{"rendered":"<p>A nossa hist\u00f3ria A LetzPaws come\u00e7ou com uma ideia simples - tornar os cuidados a animais de estima\u00e7\u00e3o f\u00e1ceis e acess\u00edveis a todos os pais de animais de estima\u00e7\u00e3o. Fundada no Luxemburgo, a nossa viagem come\u00e7ou com um profundo amor pelos animais e uma vis\u00e3o para ligar os donos de animais de estima\u00e7\u00e3o a prestadores de servi\u00e7os de alta qualidade. A plataforma \u00e9 impulsionada pelo nosso compromisso com o bem-estar dos animais de estima\u00e7\u00e3o e com o cliente [...]<\/p>","protected":false},"author":1,"featured_media":0,"parent":0,"menu_order":2,"comment_status":"closed","ping_status":"closed","template":"elementor_header_footer","meta":{"inline_featured_image":false,"_monsterinsights_skip_tracking":false,"_monsterinsights_sitenote_active":false,"_monsterinsights_sitenote_note":"","_monsterinsights_sitenote_category":0,"footnotes":""},"class_list":["post-131","page","type-page","status-publish","hentry"],"aioseo_notices":[],"_links":{"self":[{"href":"https:\/\/letzpaws.com\/pt\/wp-json\/wp\/v2\/pages\/131","targetHints":{"allow":["GET"]}}],"collection":[{"href":"https:\/\/letzpaws.com\/pt\/wp-json\/wp\/v2\/pages"}],"about":[{"href":"https:\/\/letzpaws.com\/pt\/wp-json\/wp\/v2\/types\/page"}],"author":[{"embeddable":true,"href":"https:\/\/letzpaws.com\/pt\/wp-json\/wp\/v2\/users\/1"}],"replies":[{"embeddable":true,"href":"https:\/\/letzpaws.com\/pt\/wp-json\/wp\/v2\/comments?post=131"}],"version-history":[{"count":56,"href":"https:\/\/letzpaws.com\/pt\/wp-json\/wp\/v2\/pages\/131\/revisions"}],"predecessor-version":[{"id":2023,"href":"https:\/\/letzpaws.com\/pt\/wp-json\/wp\/v2\/pages\/131\/revisions\/2023"}],"wp:attachment":[{"href":"https:\/\/letzpaws.com\/pt\/wp-json\/wp\/v2\/media?parent=131"}],"curies":[{"name":"wp","href":"https:\/\/api.w.org\/{rel}","templated":true}]}}