{"id":803,"date":"2024-01-13T13:47:48","date_gmt":"2024-01-13T13:47:48","guid":{"rendered":"https:\/\/letzpaws.com\/?page_id=803"},"modified":"2024-01-19T12:19:30","modified_gmt":"2024-01-19T11:19:30","slug":"cookie-policy","status":"publish","type":"page","link":"https:\/\/letzpaws.com\/pt\/cookie-policy\/","title":{"rendered":"Pol\u00edtica de cookies"},"content":{"rendered":"<div data-elementor-type=\"wp-page\" data-elementor-id=\"803\" class=\"elementor elementor-803\" data-elementor-post-type=\"page\">\n\t\t\t\t<div class=\"elementor-element elementor-element-5b08f58 e-flex e-con-boxed e-con e-parent\" data-id=\"5b08f58\" data-element_type=\"container\" data-core-v316-plus=\"true\">\n\t\t\t\t\t<div class=\"e-con-inner\">\n\t\t\t\t<div class=\"elementor-element elementor-element-55399bc elementor-widget elementor-widget-text-editor\" data-id=\"55399bc\" data-element_type=\"widget\" data-widget_type=\"text-editor.default\">\n\t\t\t\t<div class=\"elementor-widget-container\">\n\t\t\t<style>\/*! elementor - v3.20.0 - 11-03-2024 *\/\n.elementor-widget-text-editor.elementor-drop-cap-view-stacked .elementor-drop-cap{background-color:#69727d;color:#fff}.elementor-widget-text-editor.elementor-drop-cap-view-framed .elementor-drop-cap{color:#69727d;border:3px solid;background-color:transparent}.elementor-widget-text-editor:not(.elementor-drop-cap-view-default) .elementor-drop-cap{margin-top:8px}.elementor-widget-text-editor:not(.elementor-drop-cap-view-default) .elementor-drop-cap-letter{width:1em;height:1em}.elementor-widget-text-editor .elementor-drop-cap{float:left;text-align:center;line-height:1;font-size:50px}.elementor-widget-text-editor .elementor-drop-cap-letter{display:inline-block}<\/style>\t\t\t\t<h1>Pol\u00edtica de cookies<\/h1><p>Atualizado a 13 de janeiro de 2024<\/p><p>\u00a0<\/p><h2>Defini\u00e7\u00f5es e termos-chave<\/h2><p>Para ajudar a explicar as coisas da forma mais clara poss\u00edvel nesta Pol\u00edtica de Cookies, sempre que qualquer um destes termos \u00e9 referenciado, s\u00e3o estritamente definidos como:<\/p><p>\u00a0<\/p><ul><li>Cookie: pequena quantidade de dados gerada por um s\u00edtio Web e guardada pelo seu navegador. \u00c9 utilizado para identificar o seu navegador, fornecer an\u00e1lises, recordar informa\u00e7\u00f5es sobre o utilizador, como a sua prefer\u00eancia de idioma ou informa\u00e7\u00f5es de in\u00edcio de sess\u00e3o.<\/li><li>Empresa: quando esta pol\u00edtica menciona \"Empresa\", \"n\u00f3s\", \"nos\" ou \"nosso\", refere-se \u00e0 LetzPaws, que \u00e9 respons\u00e1vel pelas suas informa\u00e7\u00f5es ao abrigo desta Pol\u00edtica de Cookies.<\/li><li>Dispositivo: qualquer dispositivo ligado \u00e0 Internet, como um telem\u00f3vel, tablet, computador ou qualquer outro dispositivo que possa ser utilizado para visitar o LetzPaws e utilizar os servi\u00e7os.<\/li><li>Dados pessoais: qualquer informa\u00e7\u00e3o que, direta ou indiretamente, ou em liga\u00e7\u00e3o com outras informa\u00e7\u00f5es - incluindo um n\u00famero de identifica\u00e7\u00e3o pessoal - permita a identifica\u00e7\u00e3o ou identificabilidade de uma pessoa singular.<\/li><li>Servi\u00e7o: refere-se ao servi\u00e7o fornecido pelo LetzPaws, tal como descrito nas condi\u00e7\u00f5es relativas (se dispon\u00edveis) e nesta plataforma.<\/li><li>Servi\u00e7o de terceiros: refere-se a anunciantes, patrocinadores de concursos, parceiros promocionais e de marketing e outros que fornecem o nosso conte\u00fado ou cujos produtos ou servi\u00e7os pensamos que podem interessar ao utilizador.<\/li><li>Voc\u00ea: uma pessoa ou entidade que est\u00e1 registada no LetzPaws para utilizar os Servi\u00e7os.<\/li><\/ul><p>\u00a0<\/p><p>Esta pol\u00edtica de cookies foi criada com <a href=\"https:\/\/termify.io\">Termificar<\/a>.<\/p><p>\u00a0<\/p><h2>Introdu\u00e7\u00e3o<\/h2><p>Esta Pol\u00edtica de Cookies explica como a LetzPaws e os seus afiliados (coletivamente \"LetzPaws\", \"n\u00f3s\", \"nos\", e \"nosso\"), utilizam cookies e tecnologias semelhantes para o reconhecer quando visita o nosso website\/aplica\u00e7\u00e3o, incluindo, sem limita\u00e7\u00e3o, https:\/\/letzpaws.com e quaisquer URLs relacionados, vers\u00f5es m\u00f3veis ou localizadas e dom\u00ednios\/subdom\u00ednios relacionados (\"Websites\"). Explica o que s\u00e3o estas tecnologias e porque as utilizamos, bem como as op\u00e7\u00f5es para as controlar.<\/p><p>\u00a0<\/p><h2>O que \u00e9 uma bolacha?<\/h2><p>Um cookie \u00e9 um pequeno ficheiro de texto que \u00e9 armazenado no seu computador ou noutro dispositivo ligado \u00e0 Internet para identificar o seu browser, fornecer an\u00e1lises, recordar informa\u00e7\u00f5es sobre si, como a sua prefer\u00eancia de idioma ou informa\u00e7\u00f5es de in\u00edcio de sess\u00e3o. S\u00e3o completamente seguros e n\u00e3o podem ser utilizados para executar programas ou introduzir v\u00edrus no seu dispositivo.<\/p><p>\u00a0<\/p><h2>Porque \u00e9 que utilizamos cookies?<\/h2><p>Utilizamos cookies pr\u00f3prios e\/ou de terceiros no nosso s\u00edtio Web\/aplica\u00e7\u00e3o para v\u00e1rios fins, tais como<\/p><p>\u00a0<\/p><ul><li>Para facilitar o funcionamento e a funcionalidade do nosso s\u00edtio Web\/aplica\u00e7\u00e3o;<\/li><li>Para melhorar a sua experi\u00eancia no nosso s\u00edtio Web\/aplica\u00e7\u00e3o e tornar a navega\u00e7\u00e3o mais r\u00e1pida e f\u00e1cil;<\/li><li>Para nos permitir criar uma experi\u00eancia de utilizador personalizada para o utilizador e para compreendermos o que \u00e9 \u00fatil ou de interesse para o utilizador;<\/li><li>Para analisar a forma como o nosso s\u00edtio Web\/aplica\u00e7\u00e3o \u00e9 utilizado e a melhor forma de o personalizar;<\/li><li>Para identificar futuros potenciais clientes e personalizar as interac\u00e7\u00f5es de marketing e vendas com eles;<\/li><li>Para facilitar a adapta\u00e7\u00e3o da publicidade em linha aos interesses do utilizador.<\/li><\/ul><p>\u00a0<\/p><h2>Que tipo de cookies \u00e9 que o LetzPaws utiliza?<\/h2><p>Os cookies podem ser cookies de sess\u00e3o ou cookies persistentes. Um cookie de sess\u00e3o expira automaticamente quando o utilizador fecha o browser. Um cookie persistente permanecer\u00e1 at\u00e9 expirar ou at\u00e9 o utilizador apagar os seus cookies. As datas de expira\u00e7\u00e3o s\u00e3o definidas nos pr\u00f3prios cookies; alguns podem expirar ao fim de alguns minutos, enquanto outros podem expirar ao fim de v\u00e1rios anos. Os cookies colocados pelo s\u00edtio Web que est\u00e1 a visitar s\u00e3o designados por \"cookies originais\".<\/p><p>\u00a0<\/p><p>Os cookies estritamente necess\u00e1rios s\u00e3o necess\u00e1rios para o funcionamento do nosso s\u00edtio Web\/aplica\u00e7\u00e3o e n\u00e3o podem ser desligados nos nossos sistemas. S\u00e3o essenciais para que o utilizador possa navegar no s\u00edtio Web\/aplica\u00e7\u00e3o e utilizar as suas funcionalidades. Se remover ou desativar estes cookies, n\u00e3o podemos garantir que consiga utilizar o nosso s\u00edtio Web\/aplica\u00e7\u00e3o.<\/p><p>\u00a0<\/p><p>Utilizamos os seguintes tipos de cookies no nosso s\u00edtio Web\/aplica\u00e7\u00e3o:<\/p><p>\u00a0<\/p><h2>Biscoitos essenciais<\/h2><p>Utilizamos cookies essenciais para que o nosso s\u00edtio Web\/aplica\u00e7\u00e3o funcione. Estes cookies s\u00e3o estritamente necess\u00e1rios para permitir funcionalidades essenciais, como a seguran\u00e7a, a gest\u00e3o da rede, as suas prefer\u00eancias de cookies e a acessibilidade. Sem eles, n\u00e3o seria poss\u00edvel utilizar os servi\u00e7os b\u00e1sicos. Pode desactiv\u00e1-los alterando as defini\u00e7\u00f5es do seu browser, mas isso pode afetar o funcionamento dos s\u00edtios Web.<\/p><p>\u00a0<\/p><h2>Cookies de desempenho e funcionalidade<\/h2><p>Estes cookies s\u00e3o utilizados para melhorar o desempenho e a funcionalidade do nosso s\u00edtio Web\/aplica\u00e7\u00e3o, mas n\u00e3o s\u00e3o essenciais para a sua utiliza\u00e7\u00e3o. No entanto, sem estes cookies, certas funcionalidades, como os v\u00eddeos, podem ficar indispon\u00edveis ou o utilizador ter\u00e1 de introduzir os seus dados de in\u00edcio de sess\u00e3o sempre que visitar o s\u00edtio Web\/aplica\u00e7\u00e3o, uma vez que n\u00e3o nos lembramos de que o utilizador j\u00e1 iniciou sess\u00e3o anteriormente.<\/p><p>\u00a0<\/p><h2>Cookies de marketing<\/h2><p>Estes cookies de marketing baseados em contas permitem-nos identificar futuros potenciais clientes e personalizar as interac\u00e7\u00f5es de vendas e marketing com eles.<\/p><p>\u00a0<\/p><h2>Cookies anal\u00edticos e de personaliza\u00e7\u00e3o<\/h2><p>Estes cookies recolhem informa\u00e7\u00f5es que s\u00e3o utilizadas para nos ajudar a compreender a forma como o nosso s\u00edtio Web\/aplica\u00e7\u00e3o est\u00e1 a ser utilizado ou a efic\u00e1cia das nossas campanhas de marketing, ou para nos ajudar a personalizar o nosso s\u00edtio Web\/aplica\u00e7\u00e3o para o utilizador.<\/p><p>\u00a0<\/p><p>Utilizamos cookies fornecidos pelo Google Analytics para recolher dados limitados diretamente dos browsers dos utilizadores finais, para nos permitir compreender melhor a sua utiliza\u00e7\u00e3o do nosso s\u00edtio Web\/aplica\u00e7\u00e3o. Mais informa\u00e7\u00f5es sobre a forma como a Google recolhe e utiliza estes dados podem ser encontradas em: https:\/\/www.google.com\/policies\/privacy\/partners\/. Pode optar por n\u00e3o participar em todas as an\u00e1lises suportadas pela Google nos nossos s\u00edtios Web visitando: https:\/\/tools.google.com\/dlpage\/gaoptout.<\/p><p>\u00a0<\/p><h2>Cookies de redes sociais<\/h2><p>Estes cookies s\u00e3o utilizados quando o utilizador partilha informa\u00e7\u00f5es utilizando um bot\u00e3o de partilha de redes sociais ou um bot\u00e3o de \"gosto\" no nosso S\u00edtio ou quando liga a sua conta ou se envolve com o nosso conte\u00fado num ou atrav\u00e9s de um s\u00edtio Web de rede social como o Facebook, Twitter ou Google+. A rede social registar\u00e1 que o utilizador o fez. Estes cookies tamb\u00e9m podem incluir determinado c\u00f3digo que tenha sido colocado na plataforma para ajudar a acompanhar as convers\u00f5es de an\u00fancios, otimizar an\u00fancios com base nos dados recolhidos, criar p\u00fablicos-alvo para an\u00fancios futuros e fazer remarketing para utilizadores qualificados que j\u00e1 tenham realizado determinada a\u00e7\u00e3o na plataforma.<\/p><p>\u00a0<\/p><h2>Cookies de terceiros<\/h2><p>Alguns cookies que foram definidos no nosso s\u00edtio Web\/aplica\u00e7\u00e3o n\u00e3o s\u00e3o definidos pela LetzPaws. Os s\u00edtios Web podem ser incorporados com conte\u00fados de terceiros para apresentar publicidade. Estes prestadores de servi\u00e7os terceiros podem definir os seus pr\u00f3prios cookies no seu browser. Os fornecedores de servi\u00e7os terceiros controlam muitos dos cookies de desempenho e funcionalidade, publicidade, marketing e an\u00e1lise descritos acima. N\u00e3o controlamos a utiliza\u00e7\u00e3o destes cookies de terceiros, uma vez que os cookies s\u00f3 podem ser acedidos pelo terceiro que os definiu originalmente.<\/p><p>\u00a0<\/p><h2>Como pode gerir os cookies?<\/h2><p>A maioria dos browsers permite-lhe controlar os cookies atrav\u00e9s das suas prefer\u00eancias de 'defini\u00e7\u00f5es'. No entanto, se limitar a capacidade de os s\u00edtios Web definirem cookies, poder\u00e1 piorar a sua experi\u00eancia geral de utilizador, uma vez que esta deixar\u00e1 de ser personalizada para si. Pode tamb\u00e9m impedir o utilizador de guardar defini\u00e7\u00f5es personalizadas, como informa\u00e7\u00f5es de in\u00edcio de sess\u00e3o. Os fabricantes de browsers fornecem p\u00e1ginas de ajuda relacionadas com a gest\u00e3o de cookies nos seus produtos.<\/p><p>\u00a0<\/p><p>Os fabricantes de browsers fornecem p\u00e1ginas de ajuda relacionadas com a gest\u00e3o de cookies nos seus produtos. Para mais informa\u00e7\u00f5es, ver abaixo.<\/p><p>\u00a0<\/p><ul><li>Google Chrome<\/li><li>Internet Explorer<\/li><li>Mozilla Firefox<\/li><li>Safari (Ambiente de trabalho)<\/li><li>Safari (telem\u00f3vel)<\/li><li>Navegador Android<\/li><li>\u00d3pera<\/li><li>Opera Mobile<\/li><\/ul><p>\u00a0<\/p><h2>Bloqueio e desativa\u00e7\u00e3o de cookies e tecnologias semelhantes<\/h2><p>Onde quer que se encontre, pode tamb\u00e9m configurar o seu browser para bloquear cookies e tecnologias semelhantes, mas esta a\u00e7\u00e3o pode bloquear os nossos cookies essenciais e impedir que o nosso s\u00edtio Web\/aplica\u00e7\u00e3o funcione corretamente, e pode n\u00e3o conseguir utilizar plenamente todas as suas funcionalidades e servi\u00e7os. O utilizador deve ter em conta que tamb\u00e9m pode perder algumas informa\u00e7\u00f5es guardadas (por exemplo, detalhes de in\u00edcio de sess\u00e3o guardados, prefer\u00eancias do site) se bloquear os cookies no seu browser. Diferentes browsers disponibilizam diferentes controlos. A desativa\u00e7\u00e3o de um cookie ou de uma categoria de cookies n\u00e3o elimina o cookie do seu programa de navega\u00e7\u00e3o, pelo que ter\u00e1 de o fazer no seu programa de navega\u00e7\u00e3o. Para mais informa\u00e7\u00f5es, consulte o menu de ajuda do seu programa de navega\u00e7\u00e3o.<\/p><p>\u00a0<\/p><h2>Altera\u00e7\u00f5es \u00e0 nossa pol\u00edtica de cookies<\/h2><p>Poderemos alterar o nosso Servi\u00e7o e as nossas pol\u00edticas, e poderemos ter de fazer altera\u00e7\u00f5es a esta Pol\u00edtica de Cookies para que reflictam com exatid\u00e3o o nosso Servi\u00e7o e as nossas pol\u00edticas. Salvo disposi\u00e7\u00e3o legal em contr\u00e1rio, notific\u00e1-lo-emos (por exemplo, atrav\u00e9s do nosso Servi\u00e7o) antes de efectuarmos altera\u00e7\u00f5es a esta Pol\u00edtica de Cookies e dar-lhe-emos a oportunidade de as rever antes de entrarem em vigor. Em seguida, se o utilizador continuar a utilizar o Servi\u00e7o, ficar\u00e1 vinculado \u00e0 Pol\u00edtica de Cookies actualizada. Se n\u00e3o quiser concordar com esta ou com qualquer Pol\u00edtica de Cookies actualizada, pode eliminar a sua conta.<\/p><p>\u00a0<\/p><h2>O seu consentimento<\/h2><p>Ao utilizar o nosso s\u00edtio Web\/aplica\u00e7\u00e3o, registar uma conta ou efetuar uma compra, o utilizador consente com a nossa Pol\u00edtica de Cookies e concorda com os seus termos.<\/p><p>\u00a0<\/p><h2>Contactar-nos<\/h2><p>N\u00e3o hesite em contactar-nos se tiver alguma d\u00favida sobre a nossa Pol\u00edtica de Cookies.<\/p><p>\u00a0<\/p><ul><li>Por correio eletr\u00f3nico: <span \n                data-original-string=\"2g21hnFKtaG44iIGWeIT4ocSqjlwuhtLqvBvSdVdmfI=\"\n                class=\"apbct-email-encoder\"\n                title=\"Este contacto foi codificado pelo Anti-Spam da CleanTalk. Clique para descodificar. Para terminar a descodifica\u00e7\u00e3o, certifique-se de que o JavaScript est\u00e1 ativado no seu browser.\">he***@le******.com<\/span><\/li><\/ul>\t\t\t\t\t\t<\/div>\n\t\t\t\t<\/div>\n\t\t\t\t\t<\/div>\n\t\t\t\t<\/div>\n\t\t\t\t<\/div>","protected":false},"excerpt":{"rendered":"<p>Pol\u00edtica de Cookies Actualizada a 13 de janeiro de 2024 Defini\u00e7\u00f5es e termos-chave Para ajudar a explicar as coisas da forma mais clara poss\u00edvel nesta Pol\u00edtica de Cookies, sempre que qualquer um destes termos \u00e9 referenciado, s\u00e3o estritamente definidos como:   Cookie: pequena quantidade de dados gerada por um s\u00edtio Web e guardada pelo seu navegador Web. \u00c9 utilizado para [...]<\/p>","protected":false},"author":1,"featured_media":0,"parent":0,"menu_order":100,"comment_status":"closed","ping_status":"closed","template":"elementor_header_footer","meta":{"inline_featured_image":false,"_monsterinsights_skip_tracking":false,"_monsterinsights_sitenote_active":false,"_monsterinsights_sitenote_note":"","_monsterinsights_sitenote_category":0,"footnotes":""},"class_list":["post-803","page","type-page","status-publish","hentry"],"aioseo_notices":[],"_links":{"self":[{"href":"https:\/\/letzpaws.com\/pt\/wp-json\/wp\/v2\/pages\/803","targetHints":{"allow":["GET"]}}],"collection":[{"href":"https:\/\/letzpaws.com\/pt\/wp-json\/wp\/v2\/pages"}],"about":[{"href":"https:\/\/letzpaws.com\/pt\/wp-json\/wp\/v2\/types\/page"}],"author":[{"embeddable":true,"href":"https:\/\/letzpaws.com\/pt\/wp-json\/wp\/v2\/users\/1"}],"replies":[{"embeddable":true,"href":"https:\/\/letzpaws.com\/pt\/wp-json\/wp\/v2\/comments?post=803"}],"version-history":[{"count":4,"href":"https:\/\/letzpaws.com\/pt\/wp-json\/wp\/v2\/pages\/803\/revisions"}],"predecessor-version":[{"id":807,"href":"https:\/\/letzpaws.com\/pt\/wp-json\/wp\/v2\/pages\/803\/revisions\/807"}],"wp:attachment":[{"href":"https:\/\/letzpaws.com\/pt\/wp-json\/wp\/v2\/media?parent=803"}],"curies":[{"name":"wp","href":"https:\/\/api.w.org\/{rel}","templated":true}]}}